{"id":1428,"date":"2026-02-19T09:16:19","date_gmt":"2026-02-19T08:16:19","guid":{"rendered":"https:\/\/maenm.es\/?post_type=product&#038;p=1428"},"modified":"2026-02-19T09:33:33","modified_gmt":"2026-02-19T08:33:33","slug":"cuadro-papa","status":"publish","type":"product","link":"https:\/\/maenm.es\/index.php\/producto\/cuadro-papa\/","title":{"rendered":"Cuadro Pap\u00e1"},"content":{"rendered":"<p>Medidas 20&#215;20 cm<\/p>\n","protected":false},"excerpt":{"rendered":"<p>Celebra el D\u00eda del Padre con un regalo \u00fanico y lleno de emoci\u00f3n. Este cuadro personalizado es pieza decorativa que captura recuerdos inolvidables. Es el detalle perfecto para expresar cari\u00f1o, agradecer momentos compartidos y sorprender con algo verdaderamente significativo. Ideal para hogares modernos, oficinas o cualquier espacio donde Pap\u00e1 quiera presumir de su familia.<\/p>\n","protected":false},"featured_media":1429,"comment_status":"open","ping_status":"closed","template":"","meta":[],"product_brand":[],"product_cat":[168],"product_tag":[],"giftcard-category":[],"class_list":{"0":"post-1428","1":"product","2":"type-product","3":"status-publish","4":"has-post-thumbnail","6":"product_cat-papa","8":"first","9":"instock","10":"shipping-taxable","11":"purchasable","12":"product-type-simple"},"_links":{"self":[{"href":"https:\/\/maenm.es\/index.php\/wp-json\/wp\/v2\/product\/1428","targetHints":{"allow":["GET"]}}],"collection":[{"href":"https:\/\/maenm.es\/index.php\/wp-json\/wp\/v2\/product"}],"about":[{"href":"https:\/\/maenm.es\/index.php\/wp-json\/wp\/v2\/types\/product"}],"replies":[{"embeddable":true,"href":"https:\/\/maenm.es\/index.php\/wp-json\/wp\/v2\/comments?post=1428"}],"wp:featuredmedia":[{"embeddable":true,"href":"https:\/\/maenm.es\/index.php\/wp-json\/wp\/v2\/media\/1429"}],"wp:attachment":[{"href":"https:\/\/maenm.es\/index.php\/wp-json\/wp\/v2\/media?parent=1428"}],"wp:term":[{"taxonomy":"product_brand","embeddable":true,"href":"https:\/\/maenm.es\/index.php\/wp-json\/wp\/v2\/product_brand?post=1428"},{"taxonomy":"product_cat","embeddable":true,"href":"https:\/\/maenm.es\/index.php\/wp-json\/wp\/v2\/product_cat?post=1428"},{"taxonomy":"product_tag","embeddable":true,"href":"https:\/\/maenm.es\/index.php\/wp-json\/wp\/v2\/product_tag?post=1428"},{"taxonomy":"giftcard-category","embeddable":true,"href":"https:\/\/maenm.es\/index.php\/wp-json\/wp\/v2\/giftcard-category?post=1428"}],"curies":[{"name":"wp","href":"https:\/\/api.w.org\/{rel}","templated":true}]}}