{"id":140,"date":"2024-04-01T21:08:36","date_gmt":"2024-04-01T19:08:36","guid":{"rendered":"https:\/\/maenm.es\/?post_type=product&#038;p=140"},"modified":"2025-02-09T21:33:36","modified_gmt":"2025-02-09T20:33:36","slug":"llavero-personalizado-para-papa","status":"publish","type":"product","link":"https:\/\/maenm.es\/index.php\/producto\/llavero-personalizado-para-papa\/","title":{"rendered":"Llavero personalizado para pap\u00e1"},"content":{"rendered":"<p>El regalo perfecto para el d\u00eda del padre. El llavero personalizado que podr\u00e1 llevar siempre con \u00e9l.<br \/>Para los PAP\u00c1S\u2026<br \/>PRIMERIZOS, los VETERANOS, los S\u00daPER H\u00c9ROES, los DESPISTADOS, los CARI\u00d1OSOS, Los PROTECTORES\u2026<br \/>\u00a1PARA TODOS!<br \/>Descubre un mont\u00f3n de ideas originales para sorprender a pap\u00e1 este D\u00eda del Padre.<br \/>Regala una experiencia \u00fanica, llenas de color, m\u00fasica, fotos, recuerdos\u2026 y, c\u00f3mo no, un regalo personalizado, el toque m\u00e1gico que har\u00e1 de un regalo un momento para recordar siempre. <\/p>\n","protected":false},"excerpt":{"rendered":"<p>Llavero personalizado que le encantar\u00e1 a pap\u00e1 y ense\u00f1ar\u00e1 a todos sus compis.<\/p>\n<p>Medidas: 5cm de di\u00e1metro.<br \/>Material: MDF, Contrachapado de 3mm<\/p>\n","protected":false},"featured_media":142,"comment_status":"open","ping_status":"closed","template":"","meta":[],"product_brand":[],"product_cat":[157,168,108,154],"product_tag":[44,45],"giftcard-category":[],"class_list":{"0":"post-140","1":"product","2":"type-product","3":"status-publish","4":"has-post-thumbnail","6":"product_cat-llaveros-por-productos","7":"product_cat-papa","8":"product_cat-para-padres-y-abuelos","9":"product_cat-pequenos-artistas","10":"product_tag-llaveros","11":"product_tag-padre","13":"first","14":"instock","15":"shipping-taxable","16":"purchasable","17":"product-type-simple"},"_links":{"self":[{"href":"https:\/\/maenm.es\/index.php\/wp-json\/wp\/v2\/product\/140","targetHints":{"allow":["GET"]}}],"collection":[{"href":"https:\/\/maenm.es\/index.php\/wp-json\/wp\/v2\/product"}],"about":[{"href":"https:\/\/maenm.es\/index.php\/wp-json\/wp\/v2\/types\/product"}],"replies":[{"embeddable":true,"href":"https:\/\/maenm.es\/index.php\/wp-json\/wp\/v2\/comments?post=140"}],"wp:featuredmedia":[{"embeddable":true,"href":"https:\/\/maenm.es\/index.php\/wp-json\/wp\/v2\/media\/142"}],"wp:attachment":[{"href":"https:\/\/maenm.es\/index.php\/wp-json\/wp\/v2\/media?parent=140"}],"wp:term":[{"taxonomy":"product_brand","embeddable":true,"href":"https:\/\/maenm.es\/index.php\/wp-json\/wp\/v2\/product_brand?post=140"},{"taxonomy":"product_cat","embeddable":true,"href":"https:\/\/maenm.es\/index.php\/wp-json\/wp\/v2\/product_cat?post=140"},{"taxonomy":"product_tag","embeddable":true,"href":"https:\/\/maenm.es\/index.php\/wp-json\/wp\/v2\/product_tag?post=140"},{"taxonomy":"giftcard-category","embeddable":true,"href":"https:\/\/maenm.es\/index.php\/wp-json\/wp\/v2\/giftcard-category?post=140"}],"curies":[{"name":"wp","href":"https:\/\/api.w.org\/{rel}","templated":true}]}}