{"id":1349,"date":"2025-11-12T18:06:18","date_gmt":"2025-11-12T17:06:18","guid":{"rendered":"https:\/\/maenm.es\/?post_type=product&#038;p=1349"},"modified":"2025-11-17T09:22:27","modified_gmt":"2025-11-17T08:22:27","slug":"pack-arbol-navideno-minimalista-3d","status":"publish","type":"product","link":"https:\/\/maenm.es\/index.php\/producto\/pack-arbol-navideno-minimalista-3d\/","title":{"rendered":"Pack \u00e1rbol navide\u00f1o minimalista 3D"},"content":{"rendered":"<p>El \u00e1rbol grande mide 20cm de alto y el peque\u00f1o 15cm<\/p>\n<p>Cada una de \u00e9stas piezas se produce mediante impresi\u00f3n 3D, un proceso que puede dejar ligeras huellas o l\u00edneas propias del material (PLA). Esto convierte a cada creaci\u00f3n en un objeto \u00fanico. Nos esforzamos con cuidado y detalle para lograr un acabado lo m\u00e1s pulido y refinado posible.<br \/>Esas peque\u00f1as se\u00f1ales forman parte de la personalidad y autenticidad de cada pieza, aportando un encanto especial que las distingue.<\/p>\n","protected":false},"excerpt":{"rendered":"<p>Decora tu hogar con un toque moderno y elegante gracias a nuestro exclusivo pack de \u00e1rboles navide\u00f1os estilo minimalista, impresos en 3D.<br \/><strong>Dise\u00f1o \u00fanico:<\/strong>\u00a0l\u00edneas limpias y formas geom\u00e9tricas que aportan sofisticaci\u00f3n.<br \/><strong>Material sostenible:<\/strong>\u00a0fabricados con filamento ecol\u00f3gico, resistentes y duraderos.<br \/><strong>Versatilidad:<\/strong>\u00a0ideales para mesas, estanter\u00edas o rincones especiales.<br \/><strong>Pack variado:<\/strong>\u00a0incluye diferentes tama\u00f1os para crear composiciones armoniosas.<br \/>Perfectos para quienes buscan una Navidad contempor\u00e1nea, con estilo y respeto por el medio ambiente.<\/p>\n","protected":false},"featured_media":1352,"comment_status":"open","ping_status":"closed","template":"","meta":[],"product_brand":[],"product_cat":[209],"product_tag":[],"giftcard-category":[],"class_list":{"0":"post-1349","1":"product","2":"type-product","3":"status-publish","4":"has-post-thumbnail","6":"product_cat-navidad","8":"first","9":"instock","10":"shipping-taxable","11":"purchasable","12":"product-type-simple"},"_links":{"self":[{"href":"https:\/\/maenm.es\/index.php\/wp-json\/wp\/v2\/product\/1349","targetHints":{"allow":["GET"]}}],"collection":[{"href":"https:\/\/maenm.es\/index.php\/wp-json\/wp\/v2\/product"}],"about":[{"href":"https:\/\/maenm.es\/index.php\/wp-json\/wp\/v2\/types\/product"}],"replies":[{"embeddable":true,"href":"https:\/\/maenm.es\/index.php\/wp-json\/wp\/v2\/comments?post=1349"}],"wp:featuredmedia":[{"embeddable":true,"href":"https:\/\/maenm.es\/index.php\/wp-json\/wp\/v2\/media\/1352"}],"wp:attachment":[{"href":"https:\/\/maenm.es\/index.php\/wp-json\/wp\/v2\/media?parent=1349"}],"wp:term":[{"taxonomy":"product_brand","embeddable":true,"href":"https:\/\/maenm.es\/index.php\/wp-json\/wp\/v2\/product_brand?post=1349"},{"taxonomy":"product_cat","embeddable":true,"href":"https:\/\/maenm.es\/index.php\/wp-json\/wp\/v2\/product_cat?post=1349"},{"taxonomy":"product_tag","embeddable":true,"href":"https:\/\/maenm.es\/index.php\/wp-json\/wp\/v2\/product_tag?post=1349"},{"taxonomy":"giftcard-category","embeddable":true,"href":"https:\/\/maenm.es\/index.php\/wp-json\/wp\/v2\/giftcard-category?post=1349"}],"curies":[{"name":"wp","href":"https:\/\/api.w.org\/{rel}","templated":true}]}}