{"id":1309,"date":"2025-11-03T20:46:00","date_gmt":"2025-11-03T19:46:00","guid":{"rendered":"https:\/\/maenm.es\/?post_type=product&#038;p=1309"},"modified":"2025-11-07T21:32:33","modified_gmt":"2025-11-07T20:32:33","slug":"adorno-navideno-rustico","status":"publish","type":"product","link":"https:\/\/maenm.es\/index.php\/producto\/adorno-navideno-rustico\/","title":{"rendered":"Adorno navide\u00f1o rustico"},"content":{"rendered":"","protected":false},"excerpt":{"rendered":"<p>Adorno Navide\u00f1o R\u00fastico con Encanto\u00a0A\u00f1ade un toque c\u00e1lido y tradicional a tu decoraci\u00f3n con este adorno navide\u00f1o de estilo r\u00fastico. Elaborado con materiales naturales, presenta delicados dibujos festivos y lazos de colores que realzan su belleza artesanal. Ideal para colgar en el \u00e1rbol, decorar estanter\u00edas o regalar en estas fiestas. \u00a1Un detalle que transmite la magia de la Navidad con sencillez y elegancia!<\/p>\n","protected":false},"featured_media":1312,"comment_status":"open","ping_status":"closed","template":"","meta":[],"product_brand":[],"product_cat":[209,216],"product_tag":[215],"giftcard-category":[],"class_list":{"0":"post-1309","1":"product","2":"type-product","3":"status-publish","4":"has-post-thumbnail","6":"product_cat-navidad","7":"product_cat-adornos-navidenos","8":"product_tag-navidad","10":"first","11":"instock","12":"shipping-taxable","13":"purchasable","14":"product-type-simple"},"_links":{"self":[{"href":"https:\/\/maenm.es\/index.php\/wp-json\/wp\/v2\/product\/1309","targetHints":{"allow":["GET"]}}],"collection":[{"href":"https:\/\/maenm.es\/index.php\/wp-json\/wp\/v2\/product"}],"about":[{"href":"https:\/\/maenm.es\/index.php\/wp-json\/wp\/v2\/types\/product"}],"replies":[{"embeddable":true,"href":"https:\/\/maenm.es\/index.php\/wp-json\/wp\/v2\/comments?post=1309"}],"wp:featuredmedia":[{"embeddable":true,"href":"https:\/\/maenm.es\/index.php\/wp-json\/wp\/v2\/media\/1312"}],"wp:attachment":[{"href":"https:\/\/maenm.es\/index.php\/wp-json\/wp\/v2\/media?parent=1309"}],"wp:term":[{"taxonomy":"product_brand","embeddable":true,"href":"https:\/\/maenm.es\/index.php\/wp-json\/wp\/v2\/product_brand?post=1309"},{"taxonomy":"product_cat","embeddable":true,"href":"https:\/\/maenm.es\/index.php\/wp-json\/wp\/v2\/product_cat?post=1309"},{"taxonomy":"product_tag","embeddable":true,"href":"https:\/\/maenm.es\/index.php\/wp-json\/wp\/v2\/product_tag?post=1309"},{"taxonomy":"giftcard-category","embeddable":true,"href":"https:\/\/maenm.es\/index.php\/wp-json\/wp\/v2\/giftcard-category?post=1309"}],"curies":[{"name":"wp","href":"https:\/\/api.w.org\/{rel}","templated":true}]}}