{"id":1279,"date":"2025-10-31T19:39:46","date_gmt":"2025-10-31T18:39:46","guid":{"rendered":"https:\/\/maenm.es\/?post_type=product&#038;p=1279"},"modified":"2025-11-13T23:27:04","modified_gmt":"2025-11-13T22:27:04","slug":"placa-carro-bebe","status":"publish","type":"product","link":"https:\/\/maenm.es\/index.php\/producto\/placa-carro-bebe\/","title":{"rendered":"Placa carro bebe"},"content":{"rendered":"<p>Tama\u00f1o 8,5 cm<\/p>\n","protected":false},"excerpt":{"rendered":"<p>\u00a0Protege con ternura y estilo\u00a0Nuestra delicada placa de madera es el accesorio ideal para el carrito de tu beb\u00e9. Dise\u00f1ada con un mensaje claro y respetuoso, ayuda a evitar que personas desconocidas toquen al peque\u00f1o, cuidando su salud y tu tranquilidad.<br \/>Fabricada en madera natural, ligera y resistente<br \/>Dise\u00f1o encantador y neutro, ideal para cualquier estilo de carrito<br \/>Frase grabada con l\u00e1ser<br \/>Incluye cinta o cuerda para colgar f\u00e1cilmente<\/p>\n","protected":false},"featured_media":1289,"comment_status":"open","ping_status":"closed","template":"","meta":[],"product_brand":[],"product_cat":[172,164,111,76],"product_tag":[],"giftcard-category":[],"class_list":{"0":"post-1279","1":"product","2":"type-product","3":"status-publish","4":"has-post-thumbnail","6":"product_cat-embarazadas-y-peques","7":"product_cat-nombres-o-palabras-decorativas","8":"product_cat-para-embarazadas-y-bebes","9":"product_cat-peques","11":"first","12":"instock","13":"featured","14":"shipping-taxable","15":"purchasable","16":"product-type-simple"},"_links":{"self":[{"href":"https:\/\/maenm.es\/index.php\/wp-json\/wp\/v2\/product\/1279","targetHints":{"allow":["GET"]}}],"collection":[{"href":"https:\/\/maenm.es\/index.php\/wp-json\/wp\/v2\/product"}],"about":[{"href":"https:\/\/maenm.es\/index.php\/wp-json\/wp\/v2\/types\/product"}],"replies":[{"embeddable":true,"href":"https:\/\/maenm.es\/index.php\/wp-json\/wp\/v2\/comments?post=1279"}],"wp:featuredmedia":[{"embeddable":true,"href":"https:\/\/maenm.es\/index.php\/wp-json\/wp\/v2\/media\/1289"}],"wp:attachment":[{"href":"https:\/\/maenm.es\/index.php\/wp-json\/wp\/v2\/media?parent=1279"}],"wp:term":[{"taxonomy":"product_brand","embeddable":true,"href":"https:\/\/maenm.es\/index.php\/wp-json\/wp\/v2\/product_brand?post=1279"},{"taxonomy":"product_cat","embeddable":true,"href":"https:\/\/maenm.es\/index.php\/wp-json\/wp\/v2\/product_cat?post=1279"},{"taxonomy":"product_tag","embeddable":true,"href":"https:\/\/maenm.es\/index.php\/wp-json\/wp\/v2\/product_tag?post=1279"},{"taxonomy":"giftcard-category","embeddable":true,"href":"https:\/\/maenm.es\/index.php\/wp-json\/wp\/v2\/giftcard-category?post=1279"}],"curies":[{"name":"wp","href":"https:\/\/api.w.org\/{rel}","templated":true}]}}