{"id":1273,"date":"2025-10-26T16:35:31","date_gmt":"2025-10-26T15:35:31","guid":{"rendered":"https:\/\/maenm.es\/?post_type=product&#038;p=1273"},"modified":"2025-11-18T08:39:04","modified_gmt":"2025-11-18T07:39:04","slug":"pack-navidad-infantil","status":"publish","type":"product","link":"https:\/\/maenm.es\/index.php\/producto\/pack-navidad-infantil\/","title":{"rendered":"Pack Navidad Infantil"},"content":{"rendered":"","protected":false},"excerpt":{"rendered":"<p>\u00a0Pack Navide\u00f1o Infantil \u2013 Magia, ternura y personalizaci\u00f3n<br \/>Este adorable pack est\u00e1 pensado para llenar de ilusi\u00f3n a los m\u00e1s peques de la casa. Incluye:<br \/> Un suave conejito o conejita, compa\u00f1ero perfecto para abrazar en estas fiestas.<br \/> Un gorrito navide\u00f1o de lana, calentito y festivo, ideal para fotos y momentos especiales.<br \/> Una bola de Navidad personalizada con el nombre del peque, para decorar el \u00e1rbol con un toque \u00fanico y m\u00e1gico.<\/p>\n","protected":false},"featured_media":1274,"comment_status":"open","ping_status":"closed","template":"","meta":[],"product_brand":[],"product_cat":[209,221],"product_tag":[215],"giftcard-category":[],"class_list":{"0":"post-1273","1":"product","2":"type-product","3":"status-publish","4":"has-post-thumbnail","6":"product_cat-navidad","7":"product_cat-regalos-navidenos","8":"product_tag-navidad","10":"first","11":"instock","12":"shipping-taxable","13":"purchasable","14":"product-type-simple"},"_links":{"self":[{"href":"https:\/\/maenm.es\/index.php\/wp-json\/wp\/v2\/product\/1273","targetHints":{"allow":["GET"]}}],"collection":[{"href":"https:\/\/maenm.es\/index.php\/wp-json\/wp\/v2\/product"}],"about":[{"href":"https:\/\/maenm.es\/index.php\/wp-json\/wp\/v2\/types\/product"}],"replies":[{"embeddable":true,"href":"https:\/\/maenm.es\/index.php\/wp-json\/wp\/v2\/comments?post=1273"}],"wp:featuredmedia":[{"embeddable":true,"href":"https:\/\/maenm.es\/index.php\/wp-json\/wp\/v2\/media\/1274"}],"wp:attachment":[{"href":"https:\/\/maenm.es\/index.php\/wp-json\/wp\/v2\/media?parent=1273"}],"wp:term":[{"taxonomy":"product_brand","embeddable":true,"href":"https:\/\/maenm.es\/index.php\/wp-json\/wp\/v2\/product_brand?post=1273"},{"taxonomy":"product_cat","embeddable":true,"href":"https:\/\/maenm.es\/index.php\/wp-json\/wp\/v2\/product_cat?post=1273"},{"taxonomy":"product_tag","embeddable":true,"href":"https:\/\/maenm.es\/index.php\/wp-json\/wp\/v2\/product_tag?post=1273"},{"taxonomy":"giftcard-category","embeddable":true,"href":"https:\/\/maenm.es\/index.php\/wp-json\/wp\/v2\/giftcard-category?post=1273"}],"curies":[{"name":"wp","href":"https:\/\/api.w.org\/{rel}","templated":true}]}}