{"id":1270,"date":"2025-10-26T16:28:08","date_gmt":"2025-10-26T15:28:08","guid":{"rendered":"https:\/\/maenm.es\/?post_type=product&#038;p=1270"},"modified":"2025-11-07T21:35:24","modified_gmt":"2025-11-07T20:35:24","slug":"llave-magica-para-papa-noel-o-reyes-magos","status":"publish","type":"product","link":"https:\/\/maenm.es\/index.php\/producto\/llave-magica-para-papa-noel-o-reyes-magos\/","title":{"rendered":"Llave M\u00e1gica para Pap\u00e1 Noel o Reyes Magos"},"content":{"rendered":"<p>Hecho en contrachapado de pino de 5mm con unas medidas de 19,5 cm de alto x 11 de ancho.<\/p>\n","protected":false},"excerpt":{"rendered":"<p><strong>Colgador de puerta con llave m\u00e1gica \u2013 \u00a1La entrada secreta para los regalos!<\/strong><br \/>\u00bfTu casa no tiene chimenea? \u00a1No hay problema! Este encantador colgador de puerta viene con una llave m\u00e1gica que permite a los Reyes Magos o a Pap\u00e1 Noel entrar silenciosamente y dejar los regalos sin ser vistos. Solo cu\u00e9lgalo en la puerta la noche especial y deja que la magia haga su trabajo. Ideal para mantener viva la ilusi\u00f3n y la fantas\u00eda en los m\u00e1s peque\u00f1os.<br \/>\u2728 Perfecto para decorar, so\u00f1ar y creer.<\/p>\n","protected":false},"featured_media":848,"comment_status":"open","ping_status":"closed","template":"","meta":[],"product_brand":[],"product_cat":[209,219,220],"product_tag":[215],"giftcard-category":[],"class_list":{"0":"post-1270","1":"product","2":"type-product","3":"status-publish","4":"has-post-thumbnail","6":"product_cat-navidad","7":"product_cat-papa-noel","8":"product_cat-reyes-magos","9":"product_tag-navidad","11":"first","12":"instock","13":"shipping-taxable","14":"purchasable","15":"product-type-simple"},"_links":{"self":[{"href":"https:\/\/maenm.es\/index.php\/wp-json\/wp\/v2\/product\/1270","targetHints":{"allow":["GET"]}}],"collection":[{"href":"https:\/\/maenm.es\/index.php\/wp-json\/wp\/v2\/product"}],"about":[{"href":"https:\/\/maenm.es\/index.php\/wp-json\/wp\/v2\/types\/product"}],"replies":[{"embeddable":true,"href":"https:\/\/maenm.es\/index.php\/wp-json\/wp\/v2\/comments?post=1270"}],"wp:featuredmedia":[{"embeddable":true,"href":"https:\/\/maenm.es\/index.php\/wp-json\/wp\/v2\/media\/848"}],"wp:attachment":[{"href":"https:\/\/maenm.es\/index.php\/wp-json\/wp\/v2\/media?parent=1270"}],"wp:term":[{"taxonomy":"product_brand","embeddable":true,"href":"https:\/\/maenm.es\/index.php\/wp-json\/wp\/v2\/product_brand?post=1270"},{"taxonomy":"product_cat","embeddable":true,"href":"https:\/\/maenm.es\/index.php\/wp-json\/wp\/v2\/product_cat?post=1270"},{"taxonomy":"product_tag","embeddable":true,"href":"https:\/\/maenm.es\/index.php\/wp-json\/wp\/v2\/product_tag?post=1270"},{"taxonomy":"giftcard-category","embeddable":true,"href":"https:\/\/maenm.es\/index.php\/wp-json\/wp\/v2\/giftcard-category?post=1270"}],"curies":[{"name":"wp","href":"https:\/\/api.w.org\/{rel}","templated":true}]}}