{"id":1212,"date":"2025-10-21T12:22:28","date_gmt":"2025-10-21T10:22:28","guid":{"rendered":"https:\/\/maenm.es\/?post_type=product&#038;p=1212"},"modified":"2025-11-07T23:06:41","modified_gmt":"2025-11-07T22:06:41","slug":"circulo-nombre-bebe","status":"publish","type":"product","link":"https:\/\/maenm.es\/index.php\/producto\/circulo-nombre-bebe\/","title":{"rendered":"C\u00edrculo nombre bebe"},"content":{"rendered":"<p>Material: madera natural<br \/>Personalizaci\u00f3n: nombre del ni\u00f1o o ni\u00f1a<br \/>Tama\u00f1o: 25cm di\u00e1metro<\/p>\n","protected":false},"excerpt":{"rendered":"<p>C\u00edrculo de madera personalizado para habitaci\u00f3n infantil<br \/>Decora la habitaci\u00f3n de tu peque con un toque \u00fanico y encantador. Este c\u00edrculo de madera personalizado incluye su nombre grabado con cari\u00f1o, ideal para colgar en la puerta, la pared o sobre la cuna. Fabricado artesanalmente con materiales naturales, es perfecto para crear un ambiente c\u00e1lido y especial.<br \/>Ideal como regalo de nacimiento, bautizo o cumplea\u00f1os<\/p>\n","protected":false},"featured_media":1213,"comment_status":"open","ping_status":"closed","template":"","meta":[],"product_brand":[],"product_cat":[147,140,76,145],"product_tag":[],"giftcard-category":[],"class_list":{"0":"post-1212","1":"product","2":"type-product","3":"status-publish","4":"has-post-thumbnail","6":"product_cat-nombres-y-coronas-decorativas","7":"product_cat-para-su-habitacion","8":"product_cat-peques","9":"product_cat-placas-de-madera-decorativas","11":"first","12":"instock","13":"featured","14":"shipping-taxable","15":"purchasable","16":"product-type-simple"},"_links":{"self":[{"href":"https:\/\/maenm.es\/index.php\/wp-json\/wp\/v2\/product\/1212","targetHints":{"allow":["GET"]}}],"collection":[{"href":"https:\/\/maenm.es\/index.php\/wp-json\/wp\/v2\/product"}],"about":[{"href":"https:\/\/maenm.es\/index.php\/wp-json\/wp\/v2\/types\/product"}],"replies":[{"embeddable":true,"href":"https:\/\/maenm.es\/index.php\/wp-json\/wp\/v2\/comments?post=1212"}],"wp:featuredmedia":[{"embeddable":true,"href":"https:\/\/maenm.es\/index.php\/wp-json\/wp\/v2\/media\/1213"}],"wp:attachment":[{"href":"https:\/\/maenm.es\/index.php\/wp-json\/wp\/v2\/media?parent=1212"}],"wp:term":[{"taxonomy":"product_brand","embeddable":true,"href":"https:\/\/maenm.es\/index.php\/wp-json\/wp\/v2\/product_brand?post=1212"},{"taxonomy":"product_cat","embeddable":true,"href":"https:\/\/maenm.es\/index.php\/wp-json\/wp\/v2\/product_cat?post=1212"},{"taxonomy":"product_tag","embeddable":true,"href":"https:\/\/maenm.es\/index.php\/wp-json\/wp\/v2\/product_tag?post=1212"},{"taxonomy":"giftcard-category","embeddable":true,"href":"https:\/\/maenm.es\/index.php\/wp-json\/wp\/v2\/giftcard-category?post=1212"}],"curies":[{"name":"wp","href":"https:\/\/api.w.org\/{rel}","templated":true}]}}