{"id":1162,"date":"2025-07-23T10:22:27","date_gmt":"2025-07-23T08:22:27","guid":{"rendered":"https:\/\/maenm.es\/?post_type=product&#038;p=1162"},"modified":"2025-07-23T10:30:31","modified_gmt":"2025-07-23T08:30:31","slug":"placa-para-los-siguientes","status":"publish","type":"product","link":"https:\/\/maenm.es\/index.php\/producto\/placa-para-los-siguientes\/","title":{"rendered":"Placa para los siguientes"},"content":{"rendered":"","protected":false},"excerpt":{"rendered":"<p>Placa de Madera Personalizada \u201cLos Siguientes en Casarse\u201d\u00a0Un detalle original que une diversi\u00f3n, esperanza y amor. Esta placa, tallada en madera natural y personalizable con nombres, fechas o frases especiales, est\u00e1 pensada para regalar a esos amigos o familiares que todos se\u00f1alan como los pr\u00f3ximos en pasar por el altar. Ideal para bodas, despedidas o celebraciones \u00edntimas, es una pieza decorativa que saca sonrisas y alimenta sue\u00f1os de futuro<\/p>\n","protected":false},"featured_media":1163,"comment_status":"open","ping_status":"closed","template":"","meta":[],"product_brand":[],"product_cat":[110],"product_tag":[],"giftcard-category":[],"class_list":{"0":"post-1162","1":"product","2":"type-product","3":"status-publish","4":"has-post-thumbnail","6":"product_cat-para-futuros-novios","8":"first","9":"instock","10":"shipping-taxable","11":"purchasable","12":"product-type-simple"},"_links":{"self":[{"href":"https:\/\/maenm.es\/index.php\/wp-json\/wp\/v2\/product\/1162","targetHints":{"allow":["GET"]}}],"collection":[{"href":"https:\/\/maenm.es\/index.php\/wp-json\/wp\/v2\/product"}],"about":[{"href":"https:\/\/maenm.es\/index.php\/wp-json\/wp\/v2\/types\/product"}],"replies":[{"embeddable":true,"href":"https:\/\/maenm.es\/index.php\/wp-json\/wp\/v2\/comments?post=1162"}],"wp:featuredmedia":[{"embeddable":true,"href":"https:\/\/maenm.es\/index.php\/wp-json\/wp\/v2\/media\/1163"}],"wp:attachment":[{"href":"https:\/\/maenm.es\/index.php\/wp-json\/wp\/v2\/media?parent=1162"}],"wp:term":[{"taxonomy":"product_brand","embeddable":true,"href":"https:\/\/maenm.es\/index.php\/wp-json\/wp\/v2\/product_brand?post=1162"},{"taxonomy":"product_cat","embeddable":true,"href":"https:\/\/maenm.es\/index.php\/wp-json\/wp\/v2\/product_cat?post=1162"},{"taxonomy":"product_tag","embeddable":true,"href":"https:\/\/maenm.es\/index.php\/wp-json\/wp\/v2\/product_tag?post=1162"},{"taxonomy":"giftcard-category","embeddable":true,"href":"https:\/\/maenm.es\/index.php\/wp-json\/wp\/v2\/giftcard-category?post=1162"}],"curies":[{"name":"wp","href":"https:\/\/api.w.org\/{rel}","templated":true}]}}