{"id":1159,"date":"2025-07-23T10:15:25","date_gmt":"2025-07-23T08:15:25","guid":{"rendered":"https:\/\/maenm.es\/?post_type=product&#038;p=1159"},"modified":"2025-07-29T12:03:23","modified_gmt":"2025-07-29T10:03:23","slug":"cuadro-para-los-siguientes","status":"publish","type":"product","link":"https:\/\/maenm.es\/index.php\/producto\/cuadro-para-los-siguientes\/","title":{"rendered":"Cuadro para los siguientes"},"content":{"rendered":"","protected":false},"excerpt":{"rendered":"<p>Cuadro Personalizado \u201cLos Siguientes en Casarse\u201d\u00a0Celebra el amor que est\u00e1 por venir con un detalle original y emotivo. Este cuadro personalizado es perfecto para regalar en bodas o compromisos: incluye los nombres, fecha especial y un mensaje que anima a los pr\u00f3ximos en dar el \u201cs\u00ed, quiero\u201d. Con dise\u00f1o elegante y opciones creativas de ilustraci\u00f3n, es m\u00e1s que una decoraci\u00f3n: es un recuerdo lleno de significado, ideal para llenar de ilusi\u00f3n a quienes sue\u00f1an con su gran d\u00eda.<\/p>\n","protected":false},"featured_media":1160,"comment_status":"open","ping_status":"closed","template":"","meta":[],"product_brand":[],"product_cat":[110],"product_tag":[],"giftcard-category":[],"class_list":{"0":"post-1159","1":"product","2":"type-product","3":"status-publish","4":"has-post-thumbnail","6":"product_cat-para-futuros-novios","8":"first","9":"instock","10":"shipping-taxable","11":"purchasable","12":"product-type-simple"},"_links":{"self":[{"href":"https:\/\/maenm.es\/index.php\/wp-json\/wp\/v2\/product\/1159","targetHints":{"allow":["GET"]}}],"collection":[{"href":"https:\/\/maenm.es\/index.php\/wp-json\/wp\/v2\/product"}],"about":[{"href":"https:\/\/maenm.es\/index.php\/wp-json\/wp\/v2\/types\/product"}],"replies":[{"embeddable":true,"href":"https:\/\/maenm.es\/index.php\/wp-json\/wp\/v2\/comments?post=1159"}],"wp:featuredmedia":[{"embeddable":true,"href":"https:\/\/maenm.es\/index.php\/wp-json\/wp\/v2\/media\/1160"}],"wp:attachment":[{"href":"https:\/\/maenm.es\/index.php\/wp-json\/wp\/v2\/media?parent=1159"}],"wp:term":[{"taxonomy":"product_brand","embeddable":true,"href":"https:\/\/maenm.es\/index.php\/wp-json\/wp\/v2\/product_brand?post=1159"},{"taxonomy":"product_cat","embeddable":true,"href":"https:\/\/maenm.es\/index.php\/wp-json\/wp\/v2\/product_cat?post=1159"},{"taxonomy":"product_tag","embeddable":true,"href":"https:\/\/maenm.es\/index.php\/wp-json\/wp\/v2\/product_tag?post=1159"},{"taxonomy":"giftcard-category","embeddable":true,"href":"https:\/\/maenm.es\/index.php\/wp-json\/wp\/v2\/giftcard-category?post=1159"}],"curies":[{"name":"wp","href":"https:\/\/api.w.org\/{rel}","templated":true}]}}