{"id":1155,"date":"2025-07-23T10:09:31","date_gmt":"2025-07-23T08:09:31","guid":{"rendered":"https:\/\/maenm.es\/?post_type=product&#038;p=1155"},"modified":"2025-07-23T10:14:53","modified_gmt":"2025-07-23T08:14:53","slug":"reloj-pulsera-madera","status":"publish","type":"product","link":"https:\/\/maenm.es\/index.php\/producto\/reloj-pulsera-madera\/","title":{"rendered":"Reloj pulsera madera"},"content":{"rendered":"","protected":false},"excerpt":{"rendered":"<p>Reloj de Pulsera de Madera Personalizado\u00a0Elegancia natural con un toque \u00fanico. Este reloj artesanal, fabricado con madera sostenible, fusiona dise\u00f1o ecol\u00f3gico y estilo atemporal. Personal\u00edzalo con tu nombre, iniciales o una frase especial y lleva contigo una pieza que habla de tu esencia. Ligero, c\u00f3modo y perfecto para cualquier ocasi\u00f3n. Un regalo significativo o un capricho con car\u00e1cter propio.<\/p>\n","protected":false},"featured_media":1156,"comment_status":"open","ping_status":"closed","template":"","meta":[],"product_brand":[],"product_cat":[167,173,168,108],"product_tag":[],"giftcard-category":[],"class_list":{"0":"post-1155","1":"product","2":"type-product","3":"status-publish","4":"has-post-thumbnail","6":"product_cat-abuelo","7":"product_cat-padrinos-y-madrinas","8":"product_cat-papa","9":"product_cat-para-padres-y-abuelos","11":"first","12":"instock","13":"shipping-taxable","14":"purchasable","15":"product-type-simple"},"_links":{"self":[{"href":"https:\/\/maenm.es\/index.php\/wp-json\/wp\/v2\/product\/1155","targetHints":{"allow":["GET"]}}],"collection":[{"href":"https:\/\/maenm.es\/index.php\/wp-json\/wp\/v2\/product"}],"about":[{"href":"https:\/\/maenm.es\/index.php\/wp-json\/wp\/v2\/types\/product"}],"replies":[{"embeddable":true,"href":"https:\/\/maenm.es\/index.php\/wp-json\/wp\/v2\/comments?post=1155"}],"wp:featuredmedia":[{"embeddable":true,"href":"https:\/\/maenm.es\/index.php\/wp-json\/wp\/v2\/media\/1156"}],"wp:attachment":[{"href":"https:\/\/maenm.es\/index.php\/wp-json\/wp\/v2\/media?parent=1155"}],"wp:term":[{"taxonomy":"product_brand","embeddable":true,"href":"https:\/\/maenm.es\/index.php\/wp-json\/wp\/v2\/product_brand?post=1155"},{"taxonomy":"product_cat","embeddable":true,"href":"https:\/\/maenm.es\/index.php\/wp-json\/wp\/v2\/product_cat?post=1155"},{"taxonomy":"product_tag","embeddable":true,"href":"https:\/\/maenm.es\/index.php\/wp-json\/wp\/v2\/product_tag?post=1155"},{"taxonomy":"giftcard-category","embeddable":true,"href":"https:\/\/maenm.es\/index.php\/wp-json\/wp\/v2\/giftcard-category?post=1155"}],"curies":[{"name":"wp","href":"https:\/\/api.w.org\/{rel}","templated":true}]}}