{"id":1144,"date":"2025-07-22T10:35:57","date_gmt":"2025-07-22T08:35:57","guid":{"rendered":"https:\/\/maenm.es\/?post_type=product&#038;p=1144"},"modified":"2025-09-17T17:22:50","modified_gmt":"2025-09-17T15:22:50","slug":"hucha-personalizada","status":"publish","type":"product","link":"https:\/\/maenm.es\/index.php\/producto\/hucha-personalizada\/","title":{"rendered":"Hucha personalizada"},"content":{"rendered":"<p>Materiales resistentes y acabados elegantes<br \/>Ranura superior para introducir monedas<br \/>Personalizaci\u00f3n total: foto, texto y dise\u00f1o<br \/>Tama\u00f1o ideal para estanter\u00edas, escritorios o habitaciones infantiles 25&#215;25 cm<\/p>\n","protected":false},"excerpt":{"rendered":"<p>Marco de fotos hucha personalizado \u2013 Recuerdos que ahorran<br \/>Combina emoci\u00f3n y funcionalidad con nuestro marco de fotos hucha personalizado. Ideal para regalar o decorar, esta pieza \u00fanica te permite guardar tus mejores recuerdos en imagen\u2026 \u00a1y tus ahorros en monedas! Personal\u00edzalo con nombres, fechas, frases o dise\u00f1os que lo hagan especial. Perfecto para bodas, cumplea\u00f1os, bautizos o para motivar tus metas financieras de una forma muy visual.<\/p>\n","protected":false},"featured_media":1145,"comment_status":"open","ping_status":"closed","template":"","meta":[],"product_brand":[],"product_cat":[174,170,158,171],"product_tag":[],"giftcard-category":[],"class_list":{"0":"post-1144","1":"product","2":"type-product","3":"status-publish","4":"has-post-thumbnail","6":"product_cat-amigo-invisible","7":"product_cat-familia","8":"product_cat-marcos-de-fotos-por-productos","9":"product_cat-pareja","11":"first","12":"instock","13":"shipping-taxable","14":"purchasable","15":"product-type-simple"},"_links":{"self":[{"href":"https:\/\/maenm.es\/index.php\/wp-json\/wp\/v2\/product\/1144","targetHints":{"allow":["GET"]}}],"collection":[{"href":"https:\/\/maenm.es\/index.php\/wp-json\/wp\/v2\/product"}],"about":[{"href":"https:\/\/maenm.es\/index.php\/wp-json\/wp\/v2\/types\/product"}],"replies":[{"embeddable":true,"href":"https:\/\/maenm.es\/index.php\/wp-json\/wp\/v2\/comments?post=1144"}],"wp:featuredmedia":[{"embeddable":true,"href":"https:\/\/maenm.es\/index.php\/wp-json\/wp\/v2\/media\/1145"}],"wp:attachment":[{"href":"https:\/\/maenm.es\/index.php\/wp-json\/wp\/v2\/media?parent=1144"}],"wp:term":[{"taxonomy":"product_brand","embeddable":true,"href":"https:\/\/maenm.es\/index.php\/wp-json\/wp\/v2\/product_brand?post=1144"},{"taxonomy":"product_cat","embeddable":true,"href":"https:\/\/maenm.es\/index.php\/wp-json\/wp\/v2\/product_cat?post=1144"},{"taxonomy":"product_tag","embeddable":true,"href":"https:\/\/maenm.es\/index.php\/wp-json\/wp\/v2\/product_tag?post=1144"},{"taxonomy":"giftcard-category","embeddable":true,"href":"https:\/\/maenm.es\/index.php\/wp-json\/wp\/v2\/giftcard-category?post=1144"}],"curies":[{"name":"wp","href":"https:\/\/api.w.org\/{rel}","templated":true}]}}