{"id":1138,"date":"2025-07-08T12:46:37","date_gmt":"2025-07-08T10:46:37","guid":{"rendered":"https:\/\/maenm.es\/?post_type=product&#038;p=1138"},"modified":"2025-07-08T12:59:21","modified_gmt":"2025-07-08T10:59:21","slug":"abanico-de-madera-personalizado","status":"publish","type":"product","link":"https:\/\/maenm.es\/index.php\/producto\/abanico-de-madera-personalizado\/","title":{"rendered":"Abanico de madera personalizado"},"content":{"rendered":"","protected":false},"excerpt":{"rendered":"<p>Elegancia, tradici\u00f3n y un toque \u00fanico. Nuestro abanico de madera personalizado es el complemento perfecto para eventos especiales, regalos \u00fanicos o simplemente para llevar siempre contigo. Personal\u00edzalo con la frase, nombre o dibujo que m\u00e1s te inspire y crea una pieza tan original como t\u00fa.  Hecho con madera de calidad y grabado con mimo, es ideal para bodas, comuniones, detalles de empresa o momentos inolvidables.<\/p>\n","protected":false},"featured_media":1139,"comment_status":"open","ping_status":"closed","template":"","meta":[],"product_brand":[],"product_cat":[166,98,77,121,169,109,199],"product_tag":[],"giftcard-category":[],"class_list":{"0":"post-1138","1":"product","2":"type-product","3":"status-publish","4":"has-post-thumbnail","6":"product_cat-abuela","7":"product_cat-detalles-para-invitados","8":"product_cat-detalles-y-recordatorios","9":"product_cat-detalles-y-recordatorios-comuniones","10":"product_cat-mama","11":"product_cat-para-testigos-y-damas-de-honor","12":"product_cat-profesores","14":"first","15":"instock","16":"shipping-taxable","17":"purchasable","18":"product-type-simple"},"_links":{"self":[{"href":"https:\/\/maenm.es\/index.php\/wp-json\/wp\/v2\/product\/1138","targetHints":{"allow":["GET"]}}],"collection":[{"href":"https:\/\/maenm.es\/index.php\/wp-json\/wp\/v2\/product"}],"about":[{"href":"https:\/\/maenm.es\/index.php\/wp-json\/wp\/v2\/types\/product"}],"replies":[{"embeddable":true,"href":"https:\/\/maenm.es\/index.php\/wp-json\/wp\/v2\/comments?post=1138"}],"wp:featuredmedia":[{"embeddable":true,"href":"https:\/\/maenm.es\/index.php\/wp-json\/wp\/v2\/media\/1139"}],"wp:attachment":[{"href":"https:\/\/maenm.es\/index.php\/wp-json\/wp\/v2\/media?parent=1138"}],"wp:term":[{"taxonomy":"product_brand","embeddable":true,"href":"https:\/\/maenm.es\/index.php\/wp-json\/wp\/v2\/product_brand?post=1138"},{"taxonomy":"product_cat","embeddable":true,"href":"https:\/\/maenm.es\/index.php\/wp-json\/wp\/v2\/product_cat?post=1138"},{"taxonomy":"product_tag","embeddable":true,"href":"https:\/\/maenm.es\/index.php\/wp-json\/wp\/v2\/product_tag?post=1138"},{"taxonomy":"giftcard-category","embeddable":true,"href":"https:\/\/maenm.es\/index.php\/wp-json\/wp\/v2\/giftcard-category?post=1138"}],"curies":[{"name":"wp","href":"https:\/\/api.w.org\/{rel}","templated":true}]}}