{"id":1134,"date":"2025-07-08T12:42:10","date_gmt":"2025-07-08T10:42:10","guid":{"rendered":"https:\/\/maenm.es\/?post_type=product&#038;p=1134"},"modified":"2025-07-08T12:59:59","modified_gmt":"2025-07-08T10:59:59","slug":"cuadro-pokemon-multicapa","status":"publish","type":"product","link":"https:\/\/maenm.es\/index.php\/producto\/cuadro-pokemon-multicapa\/","title":{"rendered":"Cuadro Pokemon multicapa"},"content":{"rendered":"","protected":false},"excerpt":{"rendered":"<p>\u00a1Haz que la habitaci\u00f3n de tu peque cobre vida con su Pok\u00e9mon favorito! Nuestro cuadro multicapa combina varias capas de madera cortadas con precisi\u00f3n para crear un efecto 3D espectacular. Personal\u00edzalo con el nombre del ni\u00f1o o ni\u00f1a y elige entre sus personajes favoritos del universo Pok\u00e9mon. Hecho a mano con madera de alta calidad, es el regalo perfecto para peque\u00f1os entrenadores y grandes fans.<\/p>\n","protected":false},"featured_media":1135,"comment_status":"open","ping_status":"closed","template":"","meta":[],"product_brand":[],"product_cat":[140,76],"product_tag":[],"giftcard-category":[],"class_list":{"0":"post-1134","1":"product","2":"type-product","3":"status-publish","4":"has-post-thumbnail","6":"product_cat-para-su-habitacion","7":"product_cat-peques","9":"first","10":"instock","11":"shipping-taxable","12":"purchasable","13":"product-type-simple"},"_links":{"self":[{"href":"https:\/\/maenm.es\/index.php\/wp-json\/wp\/v2\/product\/1134","targetHints":{"allow":["GET"]}}],"collection":[{"href":"https:\/\/maenm.es\/index.php\/wp-json\/wp\/v2\/product"}],"about":[{"href":"https:\/\/maenm.es\/index.php\/wp-json\/wp\/v2\/types\/product"}],"replies":[{"embeddable":true,"href":"https:\/\/maenm.es\/index.php\/wp-json\/wp\/v2\/comments?post=1134"}],"wp:featuredmedia":[{"embeddable":true,"href":"https:\/\/maenm.es\/index.php\/wp-json\/wp\/v2\/media\/1135"}],"wp:attachment":[{"href":"https:\/\/maenm.es\/index.php\/wp-json\/wp\/v2\/media?parent=1134"}],"wp:term":[{"taxonomy":"product_brand","embeddable":true,"href":"https:\/\/maenm.es\/index.php\/wp-json\/wp\/v2\/product_brand?post=1134"},{"taxonomy":"product_cat","embeddable":true,"href":"https:\/\/maenm.es\/index.php\/wp-json\/wp\/v2\/product_cat?post=1134"},{"taxonomy":"product_tag","embeddable":true,"href":"https:\/\/maenm.es\/index.php\/wp-json\/wp\/v2\/product_tag?post=1134"},{"taxonomy":"giftcard-category","embeddable":true,"href":"https:\/\/maenm.es\/index.php\/wp-json\/wp\/v2\/giftcard-category?post=1134"}],"curies":[{"name":"wp","href":"https:\/\/api.w.org\/{rel}","templated":true}]}}