{"id":1130,"date":"2025-07-08T12:23:04","date_gmt":"2025-07-08T10:23:04","guid":{"rendered":"https:\/\/maenm.es\/?post_type=product&#038;p=1130"},"modified":"2025-07-08T13:00:42","modified_gmt":"2025-07-08T11:00:42","slug":"colgante-corazon","status":"publish","type":"product","link":"https:\/\/maenm.es\/index.php\/producto\/colgante-corazon\/","title":{"rendered":"Colgante coraz\u00f3n"},"content":{"rendered":"","protected":false},"excerpt":{"rendered":"<p><strong>Colgante Personalizado en Forma de Coraz\u00f3n<\/strong>\u00a0Un detalle que dice mucho con muy poco. Nuestro colgante en forma de coraz\u00f3n chapado en oro es el regalo perfecto para expresar amor, amistad o gratitud. Personal\u00edzalo con una palabra especial \u2014un nombre, una fecha o un mensaje corto\u2014 y crea una joya \u00fanica y significativa. Acompa\u00f1ado de una cadena de acero inoxidable, combina elegancia y durabilidad para llevar siempre cerca lo que m\u00e1s importa.<\/p>\n","protected":false},"featured_media":1131,"comment_status":"open","ping_status":"closed","template":"","meta":[],"product_brand":[],"product_cat":[166,169,173,109],"product_tag":[],"giftcard-category":[],"class_list":{"0":"post-1130","1":"product","2":"type-product","3":"status-publish","4":"has-post-thumbnail","6":"product_cat-abuela","7":"product_cat-mama","8":"product_cat-padrinos-y-madrinas","9":"product_cat-para-testigos-y-damas-de-honor","11":"first","12":"instock","13":"shipping-taxable","14":"purchasable","15":"product-type-simple"},"_links":{"self":[{"href":"https:\/\/maenm.es\/index.php\/wp-json\/wp\/v2\/product\/1130","targetHints":{"allow":["GET"]}}],"collection":[{"href":"https:\/\/maenm.es\/index.php\/wp-json\/wp\/v2\/product"}],"about":[{"href":"https:\/\/maenm.es\/index.php\/wp-json\/wp\/v2\/types\/product"}],"replies":[{"embeddable":true,"href":"https:\/\/maenm.es\/index.php\/wp-json\/wp\/v2\/comments?post=1130"}],"wp:featuredmedia":[{"embeddable":true,"href":"https:\/\/maenm.es\/index.php\/wp-json\/wp\/v2\/media\/1131"}],"wp:attachment":[{"href":"https:\/\/maenm.es\/index.php\/wp-json\/wp\/v2\/media?parent=1130"}],"wp:term":[{"taxonomy":"product_brand","embeddable":true,"href":"https:\/\/maenm.es\/index.php\/wp-json\/wp\/v2\/product_brand?post=1130"},{"taxonomy":"product_cat","embeddable":true,"href":"https:\/\/maenm.es\/index.php\/wp-json\/wp\/v2\/product_cat?post=1130"},{"taxonomy":"product_tag","embeddable":true,"href":"https:\/\/maenm.es\/index.php\/wp-json\/wp\/v2\/product_tag?post=1130"},{"taxonomy":"giftcard-category","embeddable":true,"href":"https:\/\/maenm.es\/index.php\/wp-json\/wp\/v2\/giftcard-category?post=1130"}],"curies":[{"name":"wp","href":"https:\/\/api.w.org\/{rel}","templated":true}]}}