{"id":1127,"date":"2025-07-08T12:19:19","date_gmt":"2025-07-08T10:19:19","guid":{"rendered":"https:\/\/maenm.es\/?post_type=product&#038;p=1127"},"modified":"2025-09-07T11:46:44","modified_gmt":"2025-09-07T09:46:44","slug":"placa-nombre","status":"publish","type":"product","link":"https:\/\/maenm.es\/index.php\/producto\/placa-nombre\/","title":{"rendered":"Placa nombre"},"content":{"rendered":"<p>Tama\u00f1o 20 cm de diametro<\/p>\n","protected":false},"excerpt":{"rendered":"<p>\u00a0Dale un toque \u00fanico y especial al cuarto de tu peque con nuestras placas personalizadas con nombre. Hechas artesanalmente en madera de pino natural, estas placas son el detalle perfecto para decorar con estilo y cari\u00f1o.  Personal\u00edzala con el nombre que elijas y escoge entre varios tama\u00f1os para que se adapte perfectamente a cualquier espacio.  Dise\u00f1o c\u00e1lido, materiales sostenibles y un acabado que enamora.<\/p>\n","protected":false},"featured_media":1128,"comment_status":"open","ping_status":"closed","template":"","meta":[],"product_brand":[],"product_cat":[164,76],"product_tag":[],"giftcard-category":[],"class_list":{"0":"post-1127","1":"product","2":"type-product","3":"status-publish","4":"has-post-thumbnail","6":"product_cat-nombres-o-palabras-decorativas","7":"product_cat-peques","9":"first","10":"instock","11":"shipping-taxable","12":"purchasable","13":"product-type-simple"},"_links":{"self":[{"href":"https:\/\/maenm.es\/index.php\/wp-json\/wp\/v2\/product\/1127","targetHints":{"allow":["GET"]}}],"collection":[{"href":"https:\/\/maenm.es\/index.php\/wp-json\/wp\/v2\/product"}],"about":[{"href":"https:\/\/maenm.es\/index.php\/wp-json\/wp\/v2\/types\/product"}],"replies":[{"embeddable":true,"href":"https:\/\/maenm.es\/index.php\/wp-json\/wp\/v2\/comments?post=1127"}],"wp:featuredmedia":[{"embeddable":true,"href":"https:\/\/maenm.es\/index.php\/wp-json\/wp\/v2\/media\/1128"}],"wp:attachment":[{"href":"https:\/\/maenm.es\/index.php\/wp-json\/wp\/v2\/media?parent=1127"}],"wp:term":[{"taxonomy":"product_brand","embeddable":true,"href":"https:\/\/maenm.es\/index.php\/wp-json\/wp\/v2\/product_brand?post=1127"},{"taxonomy":"product_cat","embeddable":true,"href":"https:\/\/maenm.es\/index.php\/wp-json\/wp\/v2\/product_cat?post=1127"},{"taxonomy":"product_tag","embeddable":true,"href":"https:\/\/maenm.es\/index.php\/wp-json\/wp\/v2\/product_tag?post=1127"},{"taxonomy":"giftcard-category","embeddable":true,"href":"https:\/\/maenm.es\/index.php\/wp-json\/wp\/v2\/giftcard-category?post=1127"}],"curies":[{"name":"wp","href":"https:\/\/api.w.org\/{rel}","templated":true}]}}