{"id":1124,"date":"2025-07-08T12:05:03","date_gmt":"2025-07-08T10:05:03","guid":{"rendered":"https:\/\/maenm.es\/?post_type=product&#038;p=1124"},"modified":"2025-11-07T23:08:17","modified_gmt":"2025-11-07T22:08:17","slug":"lampara-infantil","status":"publish","type":"product","link":"https:\/\/maenm.es\/index.php\/producto\/lampara-infantil\/","title":{"rendered":"L\u00e1mpara infantil"},"content":{"rendered":"","protected":false},"excerpt":{"rendered":"<p><strong>L\u00e1mparas de Pared Infantiles Personalizadas<\/strong>\u00a0Ilumina los sue\u00f1os de los m\u00e1s peque\u00f1os con nuestras encantadoras l\u00e1mparas de pared infantiles, hechas a mano con madera de pino natural. Cada pieza es \u00fanica y personalizable, perfecta para crear un ambiente c\u00e1lido y m\u00e1gico en la habitaci\u00f3n de tu peque. \u2728 Elige entre varios modelos adorables y a\u00f1ade el nombre o dise\u00f1o que m\u00e1s te guste. \ud83c\udf31 Materiales sostenibles, dise\u00f1o artesanal y mucho amor en cada detalle.<\/p>\n","protected":false},"featured_media":1126,"comment_status":"open","ping_status":"closed","template":"","meta":[],"product_brand":[],"product_cat":[76],"product_tag":[],"giftcard-category":[],"class_list":{"0":"post-1124","1":"product","2":"type-product","3":"status-publish","4":"has-post-thumbnail","6":"product_cat-peques","8":"first","9":"instock","10":"featured","11":"shipping-taxable","12":"purchasable","13":"product-type-simple"},"_links":{"self":[{"href":"https:\/\/maenm.es\/index.php\/wp-json\/wp\/v2\/product\/1124","targetHints":{"allow":["GET"]}}],"collection":[{"href":"https:\/\/maenm.es\/index.php\/wp-json\/wp\/v2\/product"}],"about":[{"href":"https:\/\/maenm.es\/index.php\/wp-json\/wp\/v2\/types\/product"}],"replies":[{"embeddable":true,"href":"https:\/\/maenm.es\/index.php\/wp-json\/wp\/v2\/comments?post=1124"}],"wp:featuredmedia":[{"embeddable":true,"href":"https:\/\/maenm.es\/index.php\/wp-json\/wp\/v2\/media\/1126"}],"wp:attachment":[{"href":"https:\/\/maenm.es\/index.php\/wp-json\/wp\/v2\/media?parent=1124"}],"wp:term":[{"taxonomy":"product_brand","embeddable":true,"href":"https:\/\/maenm.es\/index.php\/wp-json\/wp\/v2\/product_brand?post=1124"},{"taxonomy":"product_cat","embeddable":true,"href":"https:\/\/maenm.es\/index.php\/wp-json\/wp\/v2\/product_cat?post=1124"},{"taxonomy":"product_tag","embeddable":true,"href":"https:\/\/maenm.es\/index.php\/wp-json\/wp\/v2\/product_tag?post=1124"},{"taxonomy":"giftcard-category","embeddable":true,"href":"https:\/\/maenm.es\/index.php\/wp-json\/wp\/v2\/giftcard-category?post=1124"}],"curies":[{"name":"wp","href":"https:\/\/api.w.org\/{rel}","templated":true}]}}