{"id":1117,"date":"2025-06-09T09:45:14","date_gmt":"2025-06-09T07:45:14","guid":{"rendered":"https:\/\/maenm.es\/?post_type=product&#038;p=1117"},"modified":"2025-06-09T09:49:58","modified_gmt":"2025-06-09T07:49:58","slug":"colgante-para-comunion-confirmacion","status":"publish","type":"product","link":"https:\/\/maenm.es\/index.php\/producto\/colgante-para-comunion-confirmacion\/","title":{"rendered":"Colgante para comuni\u00f3n\/confirmaci\u00f3n"},"content":{"rendered":"","protected":false},"excerpt":{"rendered":"<p>Colgante personalizado en acero inoxidable\u00a0Este elegante colgante combina resistencia y sofisticaci\u00f3n. Fabricado en acero inoxidable, incluye una medalla grabada con el dise\u00f1o que elijas, una cruz original y un charm con una piedra a tu elecci\u00f3n, aportando un toque \u00fanico y especial. Un accesorio vers\u00e1til y lleno de significado, ideal para expresar tu estilo y personalidad.<\/p>\n","protected":false},"featured_media":1118,"comment_status":"open","ping_status":"closed","template":"","meta":[],"product_brand":[],"product_cat":[73],"product_tag":[],"giftcard-category":[],"class_list":{"0":"post-1117","1":"product","2":"type-product","3":"status-publish","4":"has-post-thumbnail","6":"product_cat-comuniones","8":"first","9":"instock","10":"shipping-taxable","11":"purchasable","12":"product-type-simple"},"_links":{"self":[{"href":"https:\/\/maenm.es\/index.php\/wp-json\/wp\/v2\/product\/1117","targetHints":{"allow":["GET"]}}],"collection":[{"href":"https:\/\/maenm.es\/index.php\/wp-json\/wp\/v2\/product"}],"about":[{"href":"https:\/\/maenm.es\/index.php\/wp-json\/wp\/v2\/types\/product"}],"replies":[{"embeddable":true,"href":"https:\/\/maenm.es\/index.php\/wp-json\/wp\/v2\/comments?post=1117"}],"wp:featuredmedia":[{"embeddable":true,"href":"https:\/\/maenm.es\/index.php\/wp-json\/wp\/v2\/media\/1118"}],"wp:attachment":[{"href":"https:\/\/maenm.es\/index.php\/wp-json\/wp\/v2\/media?parent=1117"}],"wp:term":[{"taxonomy":"product_brand","embeddable":true,"href":"https:\/\/maenm.es\/index.php\/wp-json\/wp\/v2\/product_brand?post=1117"},{"taxonomy":"product_cat","embeddable":true,"href":"https:\/\/maenm.es\/index.php\/wp-json\/wp\/v2\/product_cat?post=1117"},{"taxonomy":"product_tag","embeddable":true,"href":"https:\/\/maenm.es\/index.php\/wp-json\/wp\/v2\/product_tag?post=1117"},{"taxonomy":"giftcard-category","embeddable":true,"href":"https:\/\/maenm.es\/index.php\/wp-json\/wp\/v2\/giftcard-category?post=1117"}],"curies":[{"name":"wp","href":"https:\/\/api.w.org\/{rel}","templated":true}]}}