{"id":1109,"date":"2025-05-22T12:04:24","date_gmt":"2025-05-22T10:04:24","guid":{"rendered":"https:\/\/maenm.es\/?post_type=product&#038;p=1109"},"modified":"2025-05-22T12:09:45","modified_gmt":"2025-05-22T10:09:45","slug":"porta-post-it","status":"publish","type":"product","link":"https:\/\/maenm.es\/index.php\/producto\/porta-post-it\/","title":{"rendered":"Porta post it"},"content":{"rendered":"","protected":false},"excerpt":{"rendered":"<p><strong>Porta Post-it personalizado para maestros<\/strong>\u00a0Un detalle pr\u00e1ctico y especial para agradecer a los maestros al final del curso. Este porta Post-it personalizado con su nombre les permitir\u00e1 tener siempre a mano sus notas y recordatorios, con un dise\u00f1o elegante que resalta su dedicaci\u00f3n y pasi\u00f3n por la ense\u00f1anza.<br \/>Ideal para el escritorio, este regalo combina utilidad y significado, convirti\u00e9ndose en un bonito recuerdo de su labor educativa. \u00a1Un gesto de reconocimiento que usar\u00e1n cada d\u00eda!<\/p>\n","protected":false},"featured_media":1110,"comment_status":"open","ping_status":"closed","template":"","meta":[],"product_brand":[],"product_cat":[199],"product_tag":[],"giftcard-category":[],"class_list":{"0":"post-1109","1":"product","2":"type-product","3":"status-publish","4":"has-post-thumbnail","6":"product_cat-profesores","8":"first","9":"instock","10":"shipping-taxable","11":"purchasable","12":"product-type-simple"},"_links":{"self":[{"href":"https:\/\/maenm.es\/index.php\/wp-json\/wp\/v2\/product\/1109","targetHints":{"allow":["GET"]}}],"collection":[{"href":"https:\/\/maenm.es\/index.php\/wp-json\/wp\/v2\/product"}],"about":[{"href":"https:\/\/maenm.es\/index.php\/wp-json\/wp\/v2\/types\/product"}],"replies":[{"embeddable":true,"href":"https:\/\/maenm.es\/index.php\/wp-json\/wp\/v2\/comments?post=1109"}],"wp:featuredmedia":[{"embeddable":true,"href":"https:\/\/maenm.es\/index.php\/wp-json\/wp\/v2\/media\/1110"}],"wp:attachment":[{"href":"https:\/\/maenm.es\/index.php\/wp-json\/wp\/v2\/media?parent=1109"}],"wp:term":[{"taxonomy":"product_brand","embeddable":true,"href":"https:\/\/maenm.es\/index.php\/wp-json\/wp\/v2\/product_brand?post=1109"},{"taxonomy":"product_cat","embeddable":true,"href":"https:\/\/maenm.es\/index.php\/wp-json\/wp\/v2\/product_cat?post=1109"},{"taxonomy":"product_tag","embeddable":true,"href":"https:\/\/maenm.es\/index.php\/wp-json\/wp\/v2\/product_tag?post=1109"},{"taxonomy":"giftcard-category","embeddable":true,"href":"https:\/\/maenm.es\/index.php\/wp-json\/wp\/v2\/giftcard-category?post=1109"}],"curies":[{"name":"wp","href":"https:\/\/api.w.org\/{rel}","templated":true}]}}