{"id":1107,"date":"2025-05-22T11:59:50","date_gmt":"2025-05-22T09:59:50","guid":{"rendered":"https:\/\/maenm.es\/?post_type=product&#038;p=1107"},"modified":"2025-06-06T16:36:04","modified_gmt":"2025-06-06T14:36:04","slug":"lapicero-profes","status":"publish","type":"product","link":"https:\/\/maenm.es\/index.php\/producto\/lapicero-profes\/","title":{"rendered":"Lapicero Profes"},"content":{"rendered":"","protected":false},"excerpt":{"rendered":"<p><strong>Lapicero personalizado para maestros<\/strong>\u00a0Un detalle elegante y funcional para agradecer a los maestros al final del curso. Este lapicero, con forma de l\u00e1piz, se personaliza con su nombre, convirti\u00e9ndose en un regalo \u00fanico que refleja su dedicaci\u00f3n y pasi\u00f3n por la ense\u00f1anza.<br \/>Perfecto para usar en el aula o en casa, es un recordatorio constante de tu reconocimiento y aprecio. \u00a1Un obsequio especial que acompa\u00f1ar\u00e1 cada nueva idea que escriban!<\/p>\n","protected":false},"featured_media":1108,"comment_status":"open","ping_status":"closed","template":"","meta":[],"product_brand":[],"product_cat":[199],"product_tag":[],"giftcard-category":[],"class_list":{"0":"post-1107","1":"product","2":"type-product","3":"status-publish","4":"has-post-thumbnail","6":"product_cat-profesores","8":"first","9":"instock","10":"shipping-taxable","11":"purchasable","12":"product-type-simple"},"_links":{"self":[{"href":"https:\/\/maenm.es\/index.php\/wp-json\/wp\/v2\/product\/1107","targetHints":{"allow":["GET"]}}],"collection":[{"href":"https:\/\/maenm.es\/index.php\/wp-json\/wp\/v2\/product"}],"about":[{"href":"https:\/\/maenm.es\/index.php\/wp-json\/wp\/v2\/types\/product"}],"replies":[{"embeddable":true,"href":"https:\/\/maenm.es\/index.php\/wp-json\/wp\/v2\/comments?post=1107"}],"wp:featuredmedia":[{"embeddable":true,"href":"https:\/\/maenm.es\/index.php\/wp-json\/wp\/v2\/media\/1108"}],"wp:attachment":[{"href":"https:\/\/maenm.es\/index.php\/wp-json\/wp\/v2\/media?parent=1107"}],"wp:term":[{"taxonomy":"product_brand","embeddable":true,"href":"https:\/\/maenm.es\/index.php\/wp-json\/wp\/v2\/product_brand?post=1107"},{"taxonomy":"product_cat","embeddable":true,"href":"https:\/\/maenm.es\/index.php\/wp-json\/wp\/v2\/product_cat?post=1107"},{"taxonomy":"product_tag","embeddable":true,"href":"https:\/\/maenm.es\/index.php\/wp-json\/wp\/v2\/product_tag?post=1107"},{"taxonomy":"giftcard-category","embeddable":true,"href":"https:\/\/maenm.es\/index.php\/wp-json\/wp\/v2\/giftcard-category?post=1107"}],"curies":[{"name":"wp","href":"https:\/\/api.w.org\/{rel}","templated":true}]}}