{"id":1105,"date":"2025-05-22T11:57:10","date_gmt":"2025-05-22T09:57:10","guid":{"rendered":"https:\/\/maenm.es\/?post_type=product&#038;p=1105"},"modified":"2025-05-22T11:59:17","modified_gmt":"2025-05-22T09:59:17","slug":"tote-bag-profes","status":"publish","type":"product","link":"https:\/\/maenm.es\/index.php\/producto\/tote-bag-profes\/","title":{"rendered":"Tote bag profes"},"content":{"rendered":"","protected":false},"excerpt":{"rendered":"<p><strong>Tote bag personalizada para maestros<\/strong>\u00a0Un regalo pr\u00e1ctico y significativo para quienes dedican su tiempo a ense\u00f1ar con pasi\u00f3n. Esta tote bag personalizada es perfecta para agradecer a los maestros al final del curso, con un bonito mensaje que resalta su entrega, paciencia e inspiraci\u00f3n.<br \/>Ideal para el d\u00eda a d\u00eda, esta bolsa no solo es \u00fatil, sino tambi\u00e9n un recordatorio constante de su valiosa labor. \u00a1Un detalle que llevar\u00e1n con orgullo!<\/p>\n","protected":false},"featured_media":1106,"comment_status":"open","ping_status":"closed","template":"","meta":[],"product_brand":[],"product_cat":[199],"product_tag":[],"giftcard-category":[],"class_list":{"0":"post-1105","1":"product","2":"type-product","3":"status-publish","4":"has-post-thumbnail","6":"product_cat-profesores","8":"first","9":"instock","10":"shipping-taxable","11":"purchasable","12":"product-type-simple"},"_links":{"self":[{"href":"https:\/\/maenm.es\/index.php\/wp-json\/wp\/v2\/product\/1105","targetHints":{"allow":["GET"]}}],"collection":[{"href":"https:\/\/maenm.es\/index.php\/wp-json\/wp\/v2\/product"}],"about":[{"href":"https:\/\/maenm.es\/index.php\/wp-json\/wp\/v2\/types\/product"}],"replies":[{"embeddable":true,"href":"https:\/\/maenm.es\/index.php\/wp-json\/wp\/v2\/comments?post=1105"}],"wp:featuredmedia":[{"embeddable":true,"href":"https:\/\/maenm.es\/index.php\/wp-json\/wp\/v2\/media\/1106"}],"wp:attachment":[{"href":"https:\/\/maenm.es\/index.php\/wp-json\/wp\/v2\/media?parent=1105"}],"wp:term":[{"taxonomy":"product_brand","embeddable":true,"href":"https:\/\/maenm.es\/index.php\/wp-json\/wp\/v2\/product_brand?post=1105"},{"taxonomy":"product_cat","embeddable":true,"href":"https:\/\/maenm.es\/index.php\/wp-json\/wp\/v2\/product_cat?post=1105"},{"taxonomy":"product_tag","embeddable":true,"href":"https:\/\/maenm.es\/index.php\/wp-json\/wp\/v2\/product_tag?post=1105"},{"taxonomy":"giftcard-category","embeddable":true,"href":"https:\/\/maenm.es\/index.php\/wp-json\/wp\/v2\/giftcard-category?post=1105"}],"curies":[{"name":"wp","href":"https:\/\/api.w.org\/{rel}","templated":true}]}}