{"id":1101,"date":"2025-05-22T11:53:01","date_gmt":"2025-05-22T09:53:01","guid":{"rendered":"https:\/\/maenm.es\/?post_type=product&#038;p=1101"},"modified":"2025-05-22T11:57:03","modified_gmt":"2025-05-22T09:57:03","slug":"taza-maestra","status":"publish","type":"product","link":"https:\/\/maenm.es\/index.php\/producto\/taza-maestra\/","title":{"rendered":"Taza maestra"},"content":{"rendered":"","protected":false},"excerpt":{"rendered":"<p><strong>Taza personalizada para maestros<\/strong>\u00a0Expresa gratitud y reconocimiento a esos maestros que dejan huella con esta taza personalizada. Perfecta para regalar al final del curso, incluye un bonito mensaje que resalta su dedicaci\u00f3n, paciencia e inspiraci\u00f3n.<br \/>Cada sorbo ser\u00e1 un recordatorio de su invaluable labor. \u00a1Un detalle pr\u00e1ctico, emotivo y \u00fanico que har\u00e1 su d\u00eda m\u00e1s especial!<\/p>\n","protected":false},"featured_media":1102,"comment_status":"open","ping_status":"closed","template":"","meta":[],"product_brand":[],"product_cat":[199],"product_tag":[],"giftcard-category":[],"class_list":{"0":"post-1101","1":"product","2":"type-product","3":"status-publish","4":"has-post-thumbnail","6":"product_cat-profesores","8":"first","9":"instock","10":"shipping-taxable","11":"purchasable","12":"product-type-simple"},"_links":{"self":[{"href":"https:\/\/maenm.es\/index.php\/wp-json\/wp\/v2\/product\/1101","targetHints":{"allow":["GET"]}}],"collection":[{"href":"https:\/\/maenm.es\/index.php\/wp-json\/wp\/v2\/product"}],"about":[{"href":"https:\/\/maenm.es\/index.php\/wp-json\/wp\/v2\/types\/product"}],"replies":[{"embeddable":true,"href":"https:\/\/maenm.es\/index.php\/wp-json\/wp\/v2\/comments?post=1101"}],"wp:featuredmedia":[{"embeddable":true,"href":"https:\/\/maenm.es\/index.php\/wp-json\/wp\/v2\/media\/1102"}],"wp:attachment":[{"href":"https:\/\/maenm.es\/index.php\/wp-json\/wp\/v2\/media?parent=1101"}],"wp:term":[{"taxonomy":"product_brand","embeddable":true,"href":"https:\/\/maenm.es\/index.php\/wp-json\/wp\/v2\/product_brand?post=1101"},{"taxonomy":"product_cat","embeddable":true,"href":"https:\/\/maenm.es\/index.php\/wp-json\/wp\/v2\/product_cat?post=1101"},{"taxonomy":"product_tag","embeddable":true,"href":"https:\/\/maenm.es\/index.php\/wp-json\/wp\/v2\/product_tag?post=1101"},{"taxonomy":"giftcard-category","embeddable":true,"href":"https:\/\/maenm.es\/index.php\/wp-json\/wp\/v2\/giftcard-category?post=1101"}],"curies":[{"name":"wp","href":"https:\/\/api.w.org\/{rel}","templated":true}]}}