{"id":1093,"date":"2025-05-09T12:33:45","date_gmt":"2025-05-09T10:33:45","guid":{"rendered":"https:\/\/maenm.es\/?post_type=product&#038;p=1093"},"modified":"2025-05-09T12:43:05","modified_gmt":"2025-05-09T10:43:05","slug":"caja-nacimiento","status":"publish","type":"product","link":"https:\/\/maenm.es\/index.php\/producto\/caja-nacimiento\/","title":{"rendered":"Caja nacimiento"},"content":{"rendered":"<p>Medidas: 30x20x13 cm (largo x ancho x alto).<br \/>Madera de pino lijada a mano con grabaci\u00f3n l\u00e1ser.<\/p>\n","protected":false},"excerpt":{"rendered":"<p>\u00a0Caja Natalicio Personalizada\u00a0. Un recuerdo \u00fanico y especial para celebrar la llegada de un beb\u00e9. Nuestra caja de madera personalizada incluye el nombre y los datos de nacimiento del peque\u00f1o (fecha, hora, peso y talla), grabados con delicadeza para crear un tesoro que perdurar\u00e1 en el tiempo. Ideal para guardar recuerdos como la pulsera del hospital, su primer chupete o fotos inolvidables.<br \/>\u00a0Perfecto para regalar y emocionar a toda la familia.<\/p>\n","protected":false},"featured_media":1095,"comment_status":"open","ping_status":"closed","template":"","meta":[],"product_brand":[],"product_cat":[72,172,141,76],"product_tag":[],"giftcard-category":[],"class_list":{"0":"post-1093","1":"product","2":"type-product","3":"status-publish","4":"has-post-thumbnail","6":"product_cat-bautizos","7":"product_cat-embarazadas-y-peques","8":"product_cat-natalicios","9":"product_cat-peques","11":"first","12":"instock","13":"shipping-taxable","14":"purchasable","15":"product-type-simple"},"_links":{"self":[{"href":"https:\/\/maenm.es\/index.php\/wp-json\/wp\/v2\/product\/1093","targetHints":{"allow":["GET"]}}],"collection":[{"href":"https:\/\/maenm.es\/index.php\/wp-json\/wp\/v2\/product"}],"about":[{"href":"https:\/\/maenm.es\/index.php\/wp-json\/wp\/v2\/types\/product"}],"replies":[{"embeddable":true,"href":"https:\/\/maenm.es\/index.php\/wp-json\/wp\/v2\/comments?post=1093"}],"wp:featuredmedia":[{"embeddable":true,"href":"https:\/\/maenm.es\/index.php\/wp-json\/wp\/v2\/media\/1095"}],"wp:attachment":[{"href":"https:\/\/maenm.es\/index.php\/wp-json\/wp\/v2\/media?parent=1093"}],"wp:term":[{"taxonomy":"product_brand","embeddable":true,"href":"https:\/\/maenm.es\/index.php\/wp-json\/wp\/v2\/product_brand?post=1093"},{"taxonomy":"product_cat","embeddable":true,"href":"https:\/\/maenm.es\/index.php\/wp-json\/wp\/v2\/product_cat?post=1093"},{"taxonomy":"product_tag","embeddable":true,"href":"https:\/\/maenm.es\/index.php\/wp-json\/wp\/v2\/product_tag?post=1093"},{"taxonomy":"giftcard-category","embeddable":true,"href":"https:\/\/maenm.es\/index.php\/wp-json\/wp\/v2\/giftcard-category?post=1093"}],"curies":[{"name":"wp","href":"https:\/\/api.w.org\/{rel}","templated":true}]}}