{"id":1085,"date":"2025-04-05T15:08:16","date_gmt":"2025-04-05T13:08:16","guid":{"rendered":"https:\/\/maenm.es\/?post_type=product&#038;p=1085"},"modified":"2025-04-05T15:11:07","modified_gmt":"2025-04-05T13:11:07","slug":"pulsera-mama","status":"publish","type":"product","link":"https:\/\/maenm.es\/index.php\/producto\/pulsera-mama\/","title":{"rendered":"Pulsera mam\u00e1"},"content":{"rendered":"","protected":false},"excerpt":{"rendered":"<p>Haz que mam\u00e1 lleve siempre contigo un s\u00edmbolo de amor y gratitud. Esta pulsera de tela, c\u00f3moda y elegante, incluye un colgante personalizado con un mensaje especial. Perfecta para celebrar el D\u00eda de la Madre o cualquier ocasi\u00f3n, es un regalo que combina sencillez y significado, haci\u00e9ndola sentir \u00fanica y querida. \u00a1Un accesorio especial para una persona incomparable!<\/p>\n","protected":false},"featured_media":1081,"comment_status":"open","ping_status":"closed","template":"","meta":[],"product_brand":[],"product_cat":[169],"product_tag":[],"giftcard-category":[],"class_list":{"0":"post-1085","1":"product","2":"type-product","3":"status-publish","4":"has-post-thumbnail","6":"product_cat-mama","8":"first","9":"instock","10":"shipping-taxable","11":"purchasable","12":"product-type-simple"},"_links":{"self":[{"href":"https:\/\/maenm.es\/index.php\/wp-json\/wp\/v2\/product\/1085","targetHints":{"allow":["GET"]}}],"collection":[{"href":"https:\/\/maenm.es\/index.php\/wp-json\/wp\/v2\/product"}],"about":[{"href":"https:\/\/maenm.es\/index.php\/wp-json\/wp\/v2\/types\/product"}],"replies":[{"embeddable":true,"href":"https:\/\/maenm.es\/index.php\/wp-json\/wp\/v2\/comments?post=1085"}],"wp:featuredmedia":[{"embeddable":true,"href":"https:\/\/maenm.es\/index.php\/wp-json\/wp\/v2\/media\/1081"}],"wp:attachment":[{"href":"https:\/\/maenm.es\/index.php\/wp-json\/wp\/v2\/media?parent=1085"}],"wp:term":[{"taxonomy":"product_brand","embeddable":true,"href":"https:\/\/maenm.es\/index.php\/wp-json\/wp\/v2\/product_brand?post=1085"},{"taxonomy":"product_cat","embeddable":true,"href":"https:\/\/maenm.es\/index.php\/wp-json\/wp\/v2\/product_cat?post=1085"},{"taxonomy":"product_tag","embeddable":true,"href":"https:\/\/maenm.es\/index.php\/wp-json\/wp\/v2\/product_tag?post=1085"},{"taxonomy":"giftcard-category","embeddable":true,"href":"https:\/\/maenm.es\/index.php\/wp-json\/wp\/v2\/giftcard-category?post=1085"}],"curies":[{"name":"wp","href":"https:\/\/api.w.org\/{rel}","templated":true}]}}