{"id":1079,"date":"2025-04-05T14:59:14","date_gmt":"2025-04-05T12:59:14","guid":{"rendered":"https:\/\/maenm.es\/?post_type=product&#038;p=1079"},"modified":"2025-04-05T15:11:30","modified_gmt":"2025-04-05T13:11:30","slug":"colgante-super-mama","status":"publish","type":"product","link":"https:\/\/maenm.es\/index.php\/producto\/colgante-super-mama\/","title":{"rendered":"Colgante super mam\u00e1"},"content":{"rendered":"","protected":false},"excerpt":{"rendered":"<p>Haz que mam\u00e1 lleve siempre contigo un pedacito de amor con nuestros llaveros de madera personalizados. Perfectos para grabar nombres, iniciales o mensajes especiales, estos llaveros combinan un dise\u00f1o elegante con la calidez natural de la madera. Un regalo pr\u00e1ctico y emotivo que celebra su importancia en tu vida. \u00a1Sorpr\u00e9ndela con un detalle que siempre llevar\u00e1 cerca de su coraz\u00f3n!<\/p>\n","protected":false},"featured_media":1082,"comment_status":"open","ping_status":"closed","template":"","meta":[],"product_brand":[],"product_cat":[169],"product_tag":[],"giftcard-category":[],"class_list":{"0":"post-1079","1":"product","2":"type-product","3":"status-publish","4":"has-post-thumbnail","6":"product_cat-mama","8":"first","9":"instock","10":"shipping-taxable","11":"purchasable","12":"product-type-simple"},"_links":{"self":[{"href":"https:\/\/maenm.es\/index.php\/wp-json\/wp\/v2\/product\/1079","targetHints":{"allow":["GET"]}}],"collection":[{"href":"https:\/\/maenm.es\/index.php\/wp-json\/wp\/v2\/product"}],"about":[{"href":"https:\/\/maenm.es\/index.php\/wp-json\/wp\/v2\/types\/product"}],"replies":[{"embeddable":true,"href":"https:\/\/maenm.es\/index.php\/wp-json\/wp\/v2\/comments?post=1079"}],"wp:featuredmedia":[{"embeddable":true,"href":"https:\/\/maenm.es\/index.php\/wp-json\/wp\/v2\/media\/1082"}],"wp:attachment":[{"href":"https:\/\/maenm.es\/index.php\/wp-json\/wp\/v2\/media?parent=1079"}],"wp:term":[{"taxonomy":"product_brand","embeddable":true,"href":"https:\/\/maenm.es\/index.php\/wp-json\/wp\/v2\/product_brand?post=1079"},{"taxonomy":"product_cat","embeddable":true,"href":"https:\/\/maenm.es\/index.php\/wp-json\/wp\/v2\/product_cat?post=1079"},{"taxonomy":"product_tag","embeddable":true,"href":"https:\/\/maenm.es\/index.php\/wp-json\/wp\/v2\/product_tag?post=1079"},{"taxonomy":"giftcard-category","embeddable":true,"href":"https:\/\/maenm.es\/index.php\/wp-json\/wp\/v2\/giftcard-category?post=1079"}],"curies":[{"name":"wp","href":"https:\/\/api.w.org\/{rel}","templated":true}]}}