{"id":1064,"date":"2025-04-05T12:44:26","date_gmt":"2025-04-05T10:44:26","guid":{"rendered":"https:\/\/maenm.es\/?post_type=product&#038;p=1064"},"modified":"2025-04-05T12:57:02","modified_gmt":"2025-04-05T10:57:02","slug":"pack-mama-flora","status":"publish","type":"product","link":"https:\/\/maenm.es\/index.php\/producto\/pack-mama-flora\/","title":{"rendered":"Pack mam\u00e1 flora"},"content":{"rendered":"","protected":false},"excerpt":{"rendered":"<p>Sorprende a mam\u00e1 con este hermoso pack que combina estilo y practicidad. Incluye un bolso r\u00edgido de yute, ideal para cualquier ocasi\u00f3n, y un neceser a juego, ambos decorados con delicadas flores en relieve. Este conjunto es perfecto para transmitir amor y cuidado, mientras a\u00f1ades un toque de sofisticaci\u00f3n a su d\u00eda. \u00a1El regalo ideal para hacerla sentir especial y querida en cualquier momento!<\/p>\n","protected":false},"featured_media":1067,"comment_status":"open","ping_status":"closed","template":"","meta":[],"product_brand":[],"product_cat":[169],"product_tag":[],"giftcard-category":[],"class_list":{"0":"post-1064","1":"product","2":"type-product","3":"status-publish","4":"has-post-thumbnail","6":"product_cat-mama","8":"first","9":"instock","10":"shipping-taxable","11":"purchasable","12":"product-type-simple"},"_links":{"self":[{"href":"https:\/\/maenm.es\/index.php\/wp-json\/wp\/v2\/product\/1064","targetHints":{"allow":["GET"]}}],"collection":[{"href":"https:\/\/maenm.es\/index.php\/wp-json\/wp\/v2\/product"}],"about":[{"href":"https:\/\/maenm.es\/index.php\/wp-json\/wp\/v2\/types\/product"}],"replies":[{"embeddable":true,"href":"https:\/\/maenm.es\/index.php\/wp-json\/wp\/v2\/comments?post=1064"}],"wp:featuredmedia":[{"embeddable":true,"href":"https:\/\/maenm.es\/index.php\/wp-json\/wp\/v2\/media\/1067"}],"wp:attachment":[{"href":"https:\/\/maenm.es\/index.php\/wp-json\/wp\/v2\/media?parent=1064"}],"wp:term":[{"taxonomy":"product_brand","embeddable":true,"href":"https:\/\/maenm.es\/index.php\/wp-json\/wp\/v2\/product_brand?post=1064"},{"taxonomy":"product_cat","embeddable":true,"href":"https:\/\/maenm.es\/index.php\/wp-json\/wp\/v2\/product_cat?post=1064"},{"taxonomy":"product_tag","embeddable":true,"href":"https:\/\/maenm.es\/index.php\/wp-json\/wp\/v2\/product_tag?post=1064"},{"taxonomy":"giftcard-category","embeddable":true,"href":"https:\/\/maenm.es\/index.php\/wp-json\/wp\/v2\/giftcard-category?post=1064"}],"curies":[{"name":"wp","href":"https:\/\/api.w.org\/{rel}","templated":true}]}}