{"id":1058,"date":"2025-04-05T12:27:55","date_gmt":"2025-04-05T10:27:55","guid":{"rendered":"https:\/\/maenm.es\/?post_type=product&#038;p=1058"},"modified":"2025-04-05T12:39:01","modified_gmt":"2025-04-05T10:39:01","slug":"pack-mama-deportista","status":"publish","type":"product","link":"https:\/\/maenm.es\/index.php\/producto\/pack-mama-deportista\/","title":{"rendered":"Pack mam\u00e1 deportista"},"content":{"rendered":"","protected":false},"excerpt":{"rendered":"<p>Celebra a las mam\u00e1s activas con este exclusivo pack pensado para acompa\u00f1arlas en cada movimiento. Incluye una elegante mochila de lino, ideal para llevar todo lo necesario, y una botella t\u00e9rmica personalizada que mantiene sus bebidas en la temperatura perfecta. Funcional, moderno y hecho con amor, este regalo es ideal para aquellas mam\u00e1s que no paran y merecen lo mejor. \u00a1Haz que su D\u00eda de la Madre sea inolvidable con este detalle \u00fanico!<\/p>\n","protected":false},"featured_media":1061,"comment_status":"open","ping_status":"closed","template":"","meta":[],"product_brand":[],"product_cat":[169],"product_tag":[],"giftcard-category":[],"class_list":{"0":"post-1058","1":"product","2":"type-product","3":"status-publish","4":"has-post-thumbnail","6":"product_cat-mama","8":"first","9":"instock","10":"shipping-taxable","11":"purchasable","12":"product-type-simple"},"_links":{"self":[{"href":"https:\/\/maenm.es\/index.php\/wp-json\/wp\/v2\/product\/1058","targetHints":{"allow":["GET"]}}],"collection":[{"href":"https:\/\/maenm.es\/index.php\/wp-json\/wp\/v2\/product"}],"about":[{"href":"https:\/\/maenm.es\/index.php\/wp-json\/wp\/v2\/types\/product"}],"replies":[{"embeddable":true,"href":"https:\/\/maenm.es\/index.php\/wp-json\/wp\/v2\/comments?post=1058"}],"wp:featuredmedia":[{"embeddable":true,"href":"https:\/\/maenm.es\/index.php\/wp-json\/wp\/v2\/media\/1061"}],"wp:attachment":[{"href":"https:\/\/maenm.es\/index.php\/wp-json\/wp\/v2\/media?parent=1058"}],"wp:term":[{"taxonomy":"product_brand","embeddable":true,"href":"https:\/\/maenm.es\/index.php\/wp-json\/wp\/v2\/product_brand?post=1058"},{"taxonomy":"product_cat","embeddable":true,"href":"https:\/\/maenm.es\/index.php\/wp-json\/wp\/v2\/product_cat?post=1058"},{"taxonomy":"product_tag","embeddable":true,"href":"https:\/\/maenm.es\/index.php\/wp-json\/wp\/v2\/product_tag?post=1058"},{"taxonomy":"giftcard-category","embeddable":true,"href":"https:\/\/maenm.es\/index.php\/wp-json\/wp\/v2\/giftcard-category?post=1058"}],"curies":[{"name":"wp","href":"https:\/\/api.w.org\/{rel}","templated":true}]}}