{"id":1038,"date":"2025-04-04T19:00:09","date_gmt":"2025-04-04T17:00:09","guid":{"rendered":"https:\/\/maenm.es\/?post_type=product&#038;p=1038"},"modified":"2025-04-11T10:33:32","modified_gmt":"2025-04-11T08:33:32","slug":"cuadro-mama","status":"publish","type":"product","link":"https:\/\/maenm.es\/index.php\/producto\/cuadro-mama\/","title":{"rendered":"Cuadro Mam\u00e1"},"content":{"rendered":"","protected":false},"excerpt":{"rendered":"<p>Celebra el D\u00eda de la Madre con este elegante marco de madera artesanal. Decorado con delicadas flores grabadas y personalizado con el nombre en relieve, es el regalo perfecto para inmortalizar recuerdos inolvidables. Una combinaci\u00f3n de belleza natural y detalles \u00fanicos que har\u00e1n que mam\u00e1 se sienta especial.<\/p>\n","protected":false},"featured_media":1039,"comment_status":"open","ping_status":"closed","template":"","meta":[],"product_brand":[],"product_cat":[71,169,108],"product_tag":[],"giftcard-category":[],"class_list":{"0":"post-1038","1":"product","2":"type-product","3":"status-publish","4":"has-post-thumbnail","6":"product_cat-bodas","7":"product_cat-mama","8":"product_cat-para-padres-y-abuelos","10":"first","11":"instock","12":"shipping-taxable","13":"purchasable","14":"product-type-simple"},"_links":{"self":[{"href":"https:\/\/maenm.es\/index.php\/wp-json\/wp\/v2\/product\/1038","targetHints":{"allow":["GET"]}}],"collection":[{"href":"https:\/\/maenm.es\/index.php\/wp-json\/wp\/v2\/product"}],"about":[{"href":"https:\/\/maenm.es\/index.php\/wp-json\/wp\/v2\/types\/product"}],"replies":[{"embeddable":true,"href":"https:\/\/maenm.es\/index.php\/wp-json\/wp\/v2\/comments?post=1038"}],"wp:featuredmedia":[{"embeddable":true,"href":"https:\/\/maenm.es\/index.php\/wp-json\/wp\/v2\/media\/1039"}],"wp:attachment":[{"href":"https:\/\/maenm.es\/index.php\/wp-json\/wp\/v2\/media?parent=1038"}],"wp:term":[{"taxonomy":"product_brand","embeddable":true,"href":"https:\/\/maenm.es\/index.php\/wp-json\/wp\/v2\/product_brand?post=1038"},{"taxonomy":"product_cat","embeddable":true,"href":"https:\/\/maenm.es\/index.php\/wp-json\/wp\/v2\/product_cat?post=1038"},{"taxonomy":"product_tag","embeddable":true,"href":"https:\/\/maenm.es\/index.php\/wp-json\/wp\/v2\/product_tag?post=1038"},{"taxonomy":"giftcard-category","embeddable":true,"href":"https:\/\/maenm.es\/index.php\/wp-json\/wp\/v2\/giftcard-category?post=1038"}],"curies":[{"name":"wp","href":"https:\/\/api.w.org\/{rel}","templated":true}]}}