{"id":1027,"date":"2025-04-03T09:44:32","date_gmt":"2025-04-03T07:44:32","guid":{"rendered":"https:\/\/maenm.es\/?post_type=product&#038;p=1027"},"modified":"2025-07-09T10:45:40","modified_gmt":"2025-07-09T08:45:40","slug":"boligrafo-testigo-boda","status":"publish","type":"product","link":"https:\/\/maenm.es\/index.php\/producto\/boligrafo-testigo-boda\/","title":{"rendered":"Bol\u00edgrafo testigo boda"},"content":{"rendered":"","protected":false},"excerpt":{"rendered":"<p><strong>Bol\u00edgrafo Grabado para Testigos de Boda<\/strong>\u00a0Sorprende a tus testigos de boda con este elegante bol\u00edgrafo grabado, el detalle perfecto para honrar su apoyo en tu d\u00eda especial. Presentado en una sofisticada caja de madera, el bol\u00edgrafo lleva el nombre grabado y la caja lo lleva en relieve, a\u00f1adiendo un toque personal y \u00fanico que ser\u00e1 apreciado y recordado por siempre. Ideal como recuerdo y s\u00edmbolo de gratitud.<\/p>\n","protected":false},"featured_media":1028,"comment_status":"open","ping_status":"closed","template":"","meta":[],"product_brand":[],"product_cat":[71,109,107],"product_tag":[],"giftcard-category":[],"class_list":{"0":"post-1027","1":"product","2":"type-product","3":"status-publish","4":"has-post-thumbnail","6":"product_cat-bodas","7":"product_cat-para-testigos-y-damas-de-honor","8":"product_cat-regalos-para-invitados-vip","10":"first","11":"instock","12":"shipping-taxable","13":"purchasable","14":"product-type-simple"},"_links":{"self":[{"href":"https:\/\/maenm.es\/index.php\/wp-json\/wp\/v2\/product\/1027","targetHints":{"allow":["GET"]}}],"collection":[{"href":"https:\/\/maenm.es\/index.php\/wp-json\/wp\/v2\/product"}],"about":[{"href":"https:\/\/maenm.es\/index.php\/wp-json\/wp\/v2\/types\/product"}],"replies":[{"embeddable":true,"href":"https:\/\/maenm.es\/index.php\/wp-json\/wp\/v2\/comments?post=1027"}],"wp:featuredmedia":[{"embeddable":true,"href":"https:\/\/maenm.es\/index.php\/wp-json\/wp\/v2\/media\/1028"}],"wp:attachment":[{"href":"https:\/\/maenm.es\/index.php\/wp-json\/wp\/v2\/media?parent=1027"}],"wp:term":[{"taxonomy":"product_brand","embeddable":true,"href":"https:\/\/maenm.es\/index.php\/wp-json\/wp\/v2\/product_brand?post=1027"},{"taxonomy":"product_cat","embeddable":true,"href":"https:\/\/maenm.es\/index.php\/wp-json\/wp\/v2\/product_cat?post=1027"},{"taxonomy":"product_tag","embeddable":true,"href":"https:\/\/maenm.es\/index.php\/wp-json\/wp\/v2\/product_tag?post=1027"},{"taxonomy":"giftcard-category","embeddable":true,"href":"https:\/\/maenm.es\/index.php\/wp-json\/wp\/v2\/giftcard-category?post=1027"}],"curies":[{"name":"wp","href":"https:\/\/api.w.org\/{rel}","templated":true}]}}