{"id":1012,"date":"2025-02-27T18:05:44","date_gmt":"2025-02-27T17:05:44","guid":{"rendered":"https:\/\/maenm.es\/?post_type=product&#038;p=1012"},"modified":"2025-02-27T18:08:12","modified_gmt":"2025-02-27T17:08:12","slug":"pack-jarra","status":"publish","type":"product","link":"https:\/\/maenm.es\/index.php\/producto\/pack-jarra\/","title":{"rendered":"Pack jarra"},"content":{"rendered":"","protected":false},"excerpt":{"rendered":"<p> Pack Personalizado para el D\u00eda del Padre. Este encantador conjunto incluye una jarra personalizada con una frase especial, un abridor de botellas que tambi\u00e9n lleva una frase significativa, y una deliciosa botella de cerveza. Es el regalo perfecto para mostrarle cu\u00e1nto lo aprecias y hacer que su d\u00eda sea a\u00fan m\u00e1s especial. \u00a1Sorpr\u00e9ndelo con un detalle que recordar\u00e1 siempre!<\/p>\n","protected":false},"featured_media":1007,"comment_status":"open","ping_status":"closed","template":"","meta":[],"product_brand":[],"product_cat":[167,168],"product_tag":[],"giftcard-category":[],"class_list":{"0":"post-1012","1":"product","2":"type-product","3":"status-publish","4":"has-post-thumbnail","6":"product_cat-abuelo","7":"product_cat-papa","9":"first","10":"instock","11":"shipping-taxable","12":"purchasable","13":"product-type-simple"},"_links":{"self":[{"href":"https:\/\/maenm.es\/index.php\/wp-json\/wp\/v2\/product\/1012","targetHints":{"allow":["GET"]}}],"collection":[{"href":"https:\/\/maenm.es\/index.php\/wp-json\/wp\/v2\/product"}],"about":[{"href":"https:\/\/maenm.es\/index.php\/wp-json\/wp\/v2\/types\/product"}],"replies":[{"embeddable":true,"href":"https:\/\/maenm.es\/index.php\/wp-json\/wp\/v2\/comments?post=1012"}],"wp:featuredmedia":[{"embeddable":true,"href":"https:\/\/maenm.es\/index.php\/wp-json\/wp\/v2\/media\/1007"}],"wp:attachment":[{"href":"https:\/\/maenm.es\/index.php\/wp-json\/wp\/v2\/media?parent=1012"}],"wp:term":[{"taxonomy":"product_brand","embeddable":true,"href":"https:\/\/maenm.es\/index.php\/wp-json\/wp\/v2\/product_brand?post=1012"},{"taxonomy":"product_cat","embeddable":true,"href":"https:\/\/maenm.es\/index.php\/wp-json\/wp\/v2\/product_cat?post=1012"},{"taxonomy":"product_tag","embeddable":true,"href":"https:\/\/maenm.es\/index.php\/wp-json\/wp\/v2\/product_tag?post=1012"},{"taxonomy":"giftcard-category","embeddable":true,"href":"https:\/\/maenm.es\/index.php\/wp-json\/wp\/v2\/giftcard-category?post=1012"}],"curies":[{"name":"wp","href":"https:\/\/api.w.org\/{rel}","templated":true}]}}