{"id":1004,"date":"2025-02-27T17:55:12","date_gmt":"2025-02-27T16:55:12","guid":{"rendered":"https:\/\/maenm.es\/?post_type=product&#038;p=1004"},"modified":"2025-02-27T18:05:08","modified_gmt":"2025-02-27T17:05:08","slug":"pack-taza-papa","status":"publish","type":"product","link":"https:\/\/maenm.es\/index.php\/producto\/pack-taza-papa\/","title":{"rendered":"Pack taza pap\u00e1"},"content":{"rendered":"","protected":false},"excerpt":{"rendered":"<p>Celebra el d\u00eda del padre de una manera \u00fanica con nuestro exclusivo Pack Personalizado para el D\u00eda del Padre. Este encantador conjunto incluye una taza con una frase especial que har\u00e1 sonre\u00edr a pap\u00e1 cada ma\u00f1ana, un llavero personalizado con su foto favorita para que siempre lo lleve consigo, y una elegante botella t\u00e9rmica con otra imagen especial, perfecta para mantener sus bebidas a la temperatura ideal. \u00a1Haz que este D\u00eda del Padre sea inolvidable con un regalo que realmente hable desde el coraz\u00f3n!<\/p>\n","protected":false},"featured_media":1010,"comment_status":"open","ping_status":"closed","template":"","meta":[],"product_brand":[],"product_cat":[167,168],"product_tag":[],"giftcard-category":[],"class_list":{"0":"post-1004","1":"product","2":"type-product","3":"status-publish","4":"has-post-thumbnail","6":"product_cat-abuelo","7":"product_cat-papa","9":"first","10":"instock","11":"shipping-taxable","12":"purchasable","13":"product-type-simple"},"_links":{"self":[{"href":"https:\/\/maenm.es\/index.php\/wp-json\/wp\/v2\/product\/1004","targetHints":{"allow":["GET"]}}],"collection":[{"href":"https:\/\/maenm.es\/index.php\/wp-json\/wp\/v2\/product"}],"about":[{"href":"https:\/\/maenm.es\/index.php\/wp-json\/wp\/v2\/types\/product"}],"replies":[{"embeddable":true,"href":"https:\/\/maenm.es\/index.php\/wp-json\/wp\/v2\/comments?post=1004"}],"wp:featuredmedia":[{"embeddable":true,"href":"https:\/\/maenm.es\/index.php\/wp-json\/wp\/v2\/media\/1010"}],"wp:attachment":[{"href":"https:\/\/maenm.es\/index.php\/wp-json\/wp\/v2\/media?parent=1004"}],"wp:term":[{"taxonomy":"product_brand","embeddable":true,"href":"https:\/\/maenm.es\/index.php\/wp-json\/wp\/v2\/product_brand?post=1004"},{"taxonomy":"product_cat","embeddable":true,"href":"https:\/\/maenm.es\/index.php\/wp-json\/wp\/v2\/product_cat?post=1004"},{"taxonomy":"product_tag","embeddable":true,"href":"https:\/\/maenm.es\/index.php\/wp-json\/wp\/v2\/product_tag?post=1004"},{"taxonomy":"giftcard-category","embeddable":true,"href":"https:\/\/maenm.es\/index.php\/wp-json\/wp\/v2\/giftcard-category?post=1004"}],"curies":[{"name":"wp","href":"https:\/\/api.w.org\/{rel}","templated":true}]}}