{"id":102,"date":"2024-03-15T22:31:58","date_gmt":"2024-03-15T21:31:58","guid":{"rendered":"https:\/\/maenm.es\/?page_id=102"},"modified":"2025-10-23T22:58:44","modified_gmt":"2025-10-23T20:58:44","slug":"sobre-nosotros","status":"publish","type":"page","link":"https:\/\/maenm.es\/index.php\/sobre-nosotros\/","title":{"rendered":"Sobre nosotros"},"content":{"rendered":"\n<div class=\"slider-wrapper relative\" id=\"slider-41014939\" >\n    <div class=\"slider slider-nav-circle slider-nav-large slider-nav-light slider-style-normal\"\n        data-flickity-options='{\n            \"cellAlign\": \"center\",\n            \"imagesLoaded\": true,\n            \"lazyLoad\": 1,\n            \"freeScroll\": false,\n            \"wrapAround\": true,\n            \"autoPlay\": 6000,\n            \"pauseAutoPlayOnHover\" : true,\n            \"prevNextButtons\": true,\n            \"contain\" : true,\n            \"adaptiveHeight\" : true,\n            \"dragThreshold\" : 10,\n            \"percentPosition\": true,\n            \"pageDots\": true,\n            \"rightToLeft\": false,\n            \"draggable\": true,\n            \"selectedAttraction\": 0.1,\n            \"parallax\" : 0,\n            \"friction\": 0.6        }'\n        >\n        \n\n\n     <\/div>\n\n     <div class=\"loading-spin dark large centered\"><\/div>\n\n\t<\/div>\n\n\n\n\t<section class=\"section\" id=\"section_1174155852\">\n\t\t<div class=\"section-bg fill\" >\n\t\t\t\t\t\t\t\t\t\n\t\t\t\n\n\t\t<\/div>\n\n\t\t\n\n\t\t<div class=\"section-content relative\">\n\t\t\t\n\n\t<div id=\"gap-583121821\" class=\"gap-element clearfix\" style=\"display:block; height:auto;\">\n\t\t\n<style>\n#gap-583121821 {\n  padding-top: 30px;\n}\n<\/style>\n\t<\/div>\n\t\n\n<div class=\"row row-large align-equal\"  id=\"row-568187711\">\n\n\n\t<div id=\"col-542048448\" class=\"col medium-6 small-12 large-6\"  >\n\t\t\t\t<div class=\"col-inner\"  >\n\t\t\t\n\t\t\t\n\n\t<div id=\"text-3364505697\" class=\"text\">\n\t\t\n\n<h3 class=\"alt-font\">Con\u00f3cenos<\/h3>\n\t\t\n<style>\n#text-3364505697 {\n  font-size: 4rem;\n  line-height: 0.75;\n  text-align: center;\n}\n<\/style>\n\t<\/div>\n\t\n\t<div id=\"text-3277312666\" class=\"text\">\n\t\t\n\n<p><span style=\"font-size: 150%;\">!Hola\u00a1<\/span><\/p>\n<p>Soy Mari Carmen, la creadora y due\u00f1a de MAENM. Perm\u00edteme presentarte un poco m\u00e1s sobre m\u00ed y mi pasi\u00f3n por la personalizaci\u00f3n.<br \/>Soy una apasionada de la creatividad y la atenci\u00f3n al detalle. Mi objetivo es convertir momentos especiales en recuerdos inolvidables a trav\u00e9s de productos \u00fanicos y personalizados.<br \/>Antonio, mi compa\u00f1ero de vida y mi mano derecha, es mi apoyo incondicional en este proyecto. Juntos formamos un equipo imparable.<br \/>Tengo 42 a\u00f1os, y la vida me ha brindado la oportunidad de ser madre de dos hijos maravillosos: Jorge de 13 a\u00f1os y Adri\u00e1n de 10. Son mi mayor inspiraci\u00f3n y la raz\u00f3n por la que me esfuerzo cada d\u00eda.<br \/>Adem\u00e1s, comparto mi hogar con una preciosa pastor alem\u00e1n, Ginny, que alegra mis d\u00edas con su lealtad y energ\u00eda.<br \/><br \/><\/p>\n\t\t\n<style>\n#text-3277312666 {\n  line-height: 1.65;\n}\n<\/style>\n\t<\/div>\n\t\n\t<div id=\"gap-118910643\" class=\"gap-element clearfix\" style=\"display:block; height:auto;\">\n\t\t\n<style>\n#gap-118910643 {\n  padding-top: 25px;\n}\n<\/style>\n\t<\/div>\n\t\n\n\n  <div class=\"banner has-hover bg-fade-in\" id=\"banner-1651723496\">\n          <div class=\"banner-inner fill\">\n        <div class=\"banner-bg fill\" >\n            <img loading=\"lazy\" decoding=\"async\" width=\"1200\" height=\"1599\" src=\"https:\/\/maenm.es\/wp-content\/uploads\/2025\/10\/WhatsApp-Image-2025-10-23-at-22.48.23.jpeg\" class=\"bg attachment-original size-original\" alt=\"\" \/>                                    \n                    <\/div>\n\t\t\n        <div class=\"banner-layers container\">\n            <div class=\"fill banner-link\"><\/div>            \n\n   <div id=\"text-box-1585181122\" class=\"text-box banner-layer x50 md-x50 lg-x50 y50 md-y50 lg-y50 res-text\">\n                                <div class=\"text-box-content text dark\">\n              \n              <div class=\"text-inner text-center\">\n                  \n\n\n              <\/div>\n           <\/div>\n                            \n<style>\n#text-box-1585181122 {\n  width: 60%;\n}\n#text-box-1585181122 .text-box-content {\n  font-size: 100%;\n}\n@media (min-width:550px) {\n  #text-box-1585181122 {\n    width: 60%;\n  }\n}\n<\/style>\n    <\/div>\n \n\n        <\/div>\n      <\/div>\n\n              <div class=\"height-fix is-invisible\"><img loading=\"lazy\" decoding=\"async\" width=\"1200\" height=\"1599\" src=\"https:\/\/maenm.es\/wp-content\/uploads\/2025\/10\/WhatsApp-Image-2025-10-23-at-22.48.23.jpeg\" class=\"attachment-original size-original\" alt=\"\" srcset=\"https:\/\/maenm.es\/wp-content\/uploads\/2025\/10\/WhatsApp-Image-2025-10-23-at-22.48.23.jpeg 1200w, https:\/\/maenm.es\/wp-content\/uploads\/2025\/10\/WhatsApp-Image-2025-10-23-at-22.48.23-225x300.jpeg 225w, https:\/\/maenm.es\/wp-content\/uploads\/2025\/10\/WhatsApp-Image-2025-10-23-at-22.48.23-768x1023.jpeg 768w, https:\/\/maenm.es\/wp-content\/uploads\/2025\/10\/WhatsApp-Image-2025-10-23-at-22.48.23-1153x1536.jpeg 1153w, https:\/\/maenm.es\/wp-content\/uploads\/2025\/10\/WhatsApp-Image-2025-10-23-at-22.48.23-510x680.jpeg 510w\" sizes=\"auto, (max-width: 1200px) 100vw, 1200px\" \/><\/div>\n            \n<style>\n#banner-1651723496 {\n  padding-top: 99.99%;\n  background-color: rgba(255, 255, 255, 0);\n}\n<\/style>\n  <\/div>\n\n\n\n\t\t<\/div>\n\t\t\t\t\t<\/div>\n\n\t\n\n\t<div id=\"col-162004308\" class=\"col medium-6 small-12 large-6\"  >\n\t\t\t\t<div class=\"col-inner\"  >\n\t\t\t\n\t\t\t\n\n\n  <div class=\"banner has-hover bg-zoom\" id=\"banner-2104570447\">\n          <div class=\"banner-inner fill\">\n        <div class=\"banner-bg fill\" >\n            <img loading=\"lazy\" decoding=\"async\" width=\"1600\" height=\"1203\" src=\"https:\/\/maenm.es\/wp-content\/uploads\/2024\/04\/WhatsApp-Image-2024-04-16-at-17.58.56.jpeg\" class=\"bg attachment-original size-original\" alt=\"\" \/>                                    \n                    <\/div>\n\t\t\n        <div class=\"banner-layers container\">\n            <div class=\"fill banner-link\"><\/div>            \n\n   <div id=\"text-box-1686747561\" class=\"text-box banner-layer x50 md-x50 lg-x50 y50 md-y50 lg-y50 res-text\">\n                                <div class=\"text-box-content text dark\">\n              \n              <div class=\"text-inner text-center\">\n                  \n\n\n              <\/div>\n           <\/div>\n                            \n<style>\n#text-box-1686747561 {\n  width: 60%;\n}\n#text-box-1686747561 .text-box-content {\n  font-size: 100%;\n}\n@media (min-width:550px) {\n  #text-box-1686747561 {\n    width: 60%;\n  }\n}\n<\/style>\n    <\/div>\n \n\n        <\/div>\n      <\/div>\n\n            \n<style>\n#banner-2104570447 {\n  padding-top: 99.99%;\n  background-color: rgba(255, 255, 255, 0);\n}\n#banner-2104570447 .banner-bg img {\n  object-position: 84% 85%;\n}\n@media (min-width:550px) {\n  #banner-2104570447 {\n    padding-top: 550px;\n  }\n}\n<\/style>\n  <\/div>\n\n\n\t<div id=\"gap-1522889208\" class=\"gap-element clearfix\" style=\"display:block; height:auto;\">\n\t\t\n<style>\n#gap-1522889208 {\n  padding-top: 30px;\n}\n<\/style>\n\t<\/div>\n\t\n\n<p>Organizar eventos es mi pasi\u00f3n. Me encanta crear ambientes m\u00e1gicos y llenos de detalles para que las personas se sientan especiales en sus celebraciones.<br \/>Tematizar fiestas es mi especialidad. Desde cumplea\u00f1os hasta aniversarios, siempre busco darle un toque \u00fanico y sorprendente a cada ocasi\u00f3n.<br \/>Personalizar cosas es mi superpoder. Tazas, botellas t\u00e9rmicas, calcetines, mochilas, totebags\u2026 \u00a1todo puede llevar un toque personal! Cuido cada detalle con mucho cari\u00f1o para que cada producto sea especial y transmita emociones.<br \/>\u00a1Te espero con los brazos abiertos en MAENM!<\/p>\n\n\t\t<\/div>\n\t\t\t\t\t<\/div>\n\n\t\n\n<\/div>\n\n\t\t<\/div>\n\n\t\t\n<style>\n#section_1174155852 {\n  padding-top: 50px;\n  padding-bottom: 50px;\n}\n<\/style>\n\t<\/section>\n\t\n\n\t<section class=\"section\" id=\"section_1648019011\">\n\t\t<div class=\"section-bg fill\" >\n\t\t\t\t\t\t\t\t\t\n\t\t\t\n\n\t\t<\/div>\n\n\t\t\n\n\t\t<div class=\"section-content relative\">\n\t\t\t\n\n<div class=\"row row-large align-center row-divided\"  id=\"row-2130917741\">\n\n\n\t<div id=\"col-2099308988\" class=\"col medium-4 large-4\"  >\n\t\t\t\t<div class=\"col-inner\"  >\n\t\t\t\n\t\t\t\n\n\n\t\t<div class=\"icon-box featured-box icon-box-center text-center\"  style=\"margin:0px 0px 0px 0px;\">\n\t\t\t\t\t<div class=\"icon-box-img\" style=\"width: 78px\">\n\t\t\t\t<div class=\"icon\">\n\t\t\t\t\t<div class=\"icon-inner\" >\n\t\t\t\t\t\t<img loading=\"lazy\" decoding=\"async\" width=\"300\" height=\"300\" src=\"https:\/\/maenm.es\/wp-content\/uploads\/2024\/04\/hay-arco-iris-nubes-cielo-gotas-lluvia-generativa-ai_1034478-7375-300x300.png\" class=\"attachment-medium size-medium\" alt=\"\" srcset=\"https:\/\/maenm.es\/wp-content\/uploads\/2024\/04\/hay-arco-iris-nubes-cielo-gotas-lluvia-generativa-ai_1034478-7375-300x300.png 300w, https:\/\/maenm.es\/wp-content\/uploads\/2024\/04\/hay-arco-iris-nubes-cielo-gotas-lluvia-generativa-ai_1034478-7375-1024x1024.png 1024w, https:\/\/maenm.es\/wp-content\/uploads\/2024\/04\/hay-arco-iris-nubes-cielo-gotas-lluvia-generativa-ai_1034478-7375-150x150.png 150w, https:\/\/maenm.es\/wp-content\/uploads\/2024\/04\/hay-arco-iris-nubes-cielo-gotas-lluvia-generativa-ai_1034478-7375-768x768.png 768w, https:\/\/maenm.es\/wp-content\/uploads\/2024\/04\/hay-arco-iris-nubes-cielo-gotas-lluvia-generativa-ai_1034478-7375-1536x1536.png 1536w, https:\/\/maenm.es\/wp-content\/uploads\/2024\/04\/hay-arco-iris-nubes-cielo-gotas-lluvia-generativa-ai_1034478-7375-2048x2048.png 2048w, https:\/\/maenm.es\/wp-content\/uploads\/2024\/04\/hay-arco-iris-nubes-cielo-gotas-lluvia-generativa-ai_1034478-7375-510x510.png 510w, https:\/\/maenm.es\/wp-content\/uploads\/2024\/04\/hay-arco-iris-nubes-cielo-gotas-lluvia-generativa-ai_1034478-7375-100x100.png 100w\" sizes=\"auto, (max-width: 300px) 100vw, 300px\" \/>\t\t\t\t\t<\/div>\n\t\t\t\t<\/div>\n\t\t\t<\/div>\n\t\t\t\t<div class=\"icon-box-text last-reset\">\n\t\t\t<h5 class=\"uppercase\">Personalizaci\u00f3n<\/h5>\t\t\t\t\t\t\n\n<p>Nuestros productos est\u00e1n dise\u00f1ados y fabricados <b>con todo nuestro cari\u00f1o<\/b>. Cada pieza es \u00fanica y personalizada para que quien lo reciba obtenga un poquito de la magia de Maenm. <br \/><b>\u00a1No es material, es sentimiento, es emoci\u00f3n!<\/b><\/p>\n\n\t\t<\/div>\n\t<\/div>\n\t\n\t\n\n\t\t<\/div>\n\t\t\t\t\t<\/div>\n\n\t\n\n\t<div id=\"col-1026717846\" class=\"col medium-4 large-4\"  >\n\t\t\t\t<div class=\"col-inner\"  >\n\t\t\t\n\t\t\t\n\n\n\t\t<div class=\"icon-box featured-box icon-box-center text-center\"  style=\"margin:0px 0px 0px 0px;\">\n\t\t\t\t\t<div class=\"icon-box-img\" style=\"width: 78px\">\n\t\t\t\t<div class=\"icon\">\n\t\t\t\t\t<div class=\"icon-inner\" >\n\t\t\t\t\t\t<img loading=\"lazy\" decoding=\"async\" width=\"300\" height=\"300\" src=\"https:\/\/maenm.es\/wp-content\/uploads\/2024\/04\/horas-tierra-disenos-inspiradores-marcos-objetos-artisticos-campanas-sostenibles-clipart-t-shirt_655090-1974242-300x300.png\" class=\"attachment-medium size-medium\" alt=\"\" srcset=\"https:\/\/maenm.es\/wp-content\/uploads\/2024\/04\/horas-tierra-disenos-inspiradores-marcos-objetos-artisticos-campanas-sostenibles-clipart-t-shirt_655090-1974242-300x300.png 300w, https:\/\/maenm.es\/wp-content\/uploads\/2024\/04\/horas-tierra-disenos-inspiradores-marcos-objetos-artisticos-campanas-sostenibles-clipart-t-shirt_655090-1974242-1024x1024.png 1024w, https:\/\/maenm.es\/wp-content\/uploads\/2024\/04\/horas-tierra-disenos-inspiradores-marcos-objetos-artisticos-campanas-sostenibles-clipart-t-shirt_655090-1974242-150x150.png 150w, https:\/\/maenm.es\/wp-content\/uploads\/2024\/04\/horas-tierra-disenos-inspiradores-marcos-objetos-artisticos-campanas-sostenibles-clipart-t-shirt_655090-1974242-768x768.png 768w, https:\/\/maenm.es\/wp-content\/uploads\/2024\/04\/horas-tierra-disenos-inspiradores-marcos-objetos-artisticos-campanas-sostenibles-clipart-t-shirt_655090-1974242-1536x1536.png 1536w, https:\/\/maenm.es\/wp-content\/uploads\/2024\/04\/horas-tierra-disenos-inspiradores-marcos-objetos-artisticos-campanas-sostenibles-clipart-t-shirt_655090-1974242-2048x2048.png 2048w, https:\/\/maenm.es\/wp-content\/uploads\/2024\/04\/horas-tierra-disenos-inspiradores-marcos-objetos-artisticos-campanas-sostenibles-clipart-t-shirt_655090-1974242-510x510.png 510w, https:\/\/maenm.es\/wp-content\/uploads\/2024\/04\/horas-tierra-disenos-inspiradores-marcos-objetos-artisticos-campanas-sostenibles-clipart-t-shirt_655090-1974242-100x100.png 100w\" sizes=\"auto, (max-width: 300px) 100vw, 300px\" \/>\t\t\t\t\t<\/div>\n\t\t\t\t<\/div>\n\t\t\t<\/div>\n\t\t\t\t<div class=\"icon-box-text last-reset\">\n\t\t\t<h5 class=\"uppercase\">INNOVACI\u00d3N<\/h5>\t\t\t\t\t\t\n\n<p>\u00a0La creatividad y la sostenibilidad van de la mano. Buscamos constantemente nuevas formas de mejorar nuestros productos.<\/p>\n\n\t\t<\/div>\n\t<\/div>\n\t\n\t\n\n\t\t<\/div>\n\t\t\t\t\t<\/div>\n\n\t\n\n\t<div id=\"col-1627071416\" class=\"col medium-4 large-4\"  >\n\t\t\t\t<div class=\"col-inner\"  >\n\t\t\t\n\t\t\t\n\n\n\t\t<div class=\"icon-box featured-box icon-box-center text-center\"  style=\"margin:0px 0px 0px 0px;\">\n\t\t\t\t\t<div class=\"icon-box-img\" style=\"width: 78px\">\n\t\t\t\t<div class=\"icon\">\n\t\t\t\t\t<div class=\"icon-inner\" >\n\t\t\t\t\t\t<img loading=\"lazy\" decoding=\"async\" width=\"300\" height=\"300\" src=\"https:\/\/maenm.es\/wp-content\/uploads\/2024\/04\/diseno-titulo-planet-earth-4_447899-12781-300x300.png\" class=\"attachment-medium size-medium\" alt=\"\" srcset=\"https:\/\/maenm.es\/wp-content\/uploads\/2024\/04\/diseno-titulo-planet-earth-4_447899-12781-300x300.png 300w, https:\/\/maenm.es\/wp-content\/uploads\/2024\/04\/diseno-titulo-planet-earth-4_447899-12781-1024x1024.png 1024w, https:\/\/maenm.es\/wp-content\/uploads\/2024\/04\/diseno-titulo-planet-earth-4_447899-12781-150x150.png 150w, https:\/\/maenm.es\/wp-content\/uploads\/2024\/04\/diseno-titulo-planet-earth-4_447899-12781-768x768.png 768w, https:\/\/maenm.es\/wp-content\/uploads\/2024\/04\/diseno-titulo-planet-earth-4_447899-12781-1536x1536.png 1536w, https:\/\/maenm.es\/wp-content\/uploads\/2024\/04\/diseno-titulo-planet-earth-4_447899-12781-2048x2048.png 2048w, https:\/\/maenm.es\/wp-content\/uploads\/2024\/04\/diseno-titulo-planet-earth-4_447899-12781-510x510.png 510w, https:\/\/maenm.es\/wp-content\/uploads\/2024\/04\/diseno-titulo-planet-earth-4_447899-12781-100x100.png 100w\" sizes=\"auto, (max-width: 300px) 100vw, 300px\" \/>\t\t\t\t\t<\/div>\n\t\t\t\t<\/div>\n\t\t\t<\/div>\n\t\t\t\t<div class=\"icon-box-text last-reset\">\n\t\t\t<h5 class=\"uppercase\">mATERIALES NATURALES<\/h5>\t\t\t\t\t\t\n\n<p>Nuestros productos reflejan nuestro compromiso con la sostenibilidad y la conexi\u00f3n con la naturaleza. \u00danete a nosotros en este viaje hacia un mundo m\u00e1s consciente y armonioso.<\/p>\n\n\t\t<\/div>\n\t<\/div>\n\t\n\t\n\n\t\t<\/div>\n\t\t\t\t\t<\/div>\n\n\t\n\n<\/div>\n<div class=\"message-box relative\" style=\"padding-top:36px;padding-bottom:36px;\"><div class=\"message-box-bg-image bg-fill fill\" ><\/div><div class=\"message-box-bg-overlay bg-fill fill\" style=\"background-color:rgb(255, 251, 251);\"><\/div><div class=\"container relative\"><div class=\"inner last-reset\">\n\n<div class=\"row align-middle\"  id=\"row-716423458\">\n\n\n\t<div id=\"col-1293460297\" class=\"col small-12 large-12\"  >\n\t\t\t\t<div class=\"col-inner\"  >\n\t\t\t\n\t\t\t\n\n\t<div id=\"text-3914739333\" class=\"text\">\n\t\t\n\n<h2 class=\"uppercase\">\u00bfnecesitas ayuda?<\/h2>\n<p>\u00bfTienes alguna duda? Cu\u00e9ntanos qu\u00e9 quieres saber y te atenderemos encantados.<\/p>\n<p><img loading=\"lazy\" decoding=\"async\" class=\"wp-image-302 alignnone\" src=\"https:\/\/maenm.es\/wp-content\/uploads\/2024\/04\/telefono-300x272.jpg\" alt=\"\" width=\"21\" height=\"19\" srcset=\"https:\/\/maenm.es\/wp-content\/uploads\/2024\/04\/telefono-300x272.jpg 300w, https:\/\/maenm.es\/wp-content\/uploads\/2024\/04\/telefono.jpg 371w\" sizes=\"auto, (max-width: 21px) 100vw, 21px\" \/> 953478545<\/p>\n\t\t\n<style>\n#text-3914739333 {\n  text-align: center;\n  color: rgb(0,0,0);\n}\n#text-3914739333 > * {\n  color: rgb(0,0,0);\n}\n<\/style>\n\t<\/div>\n\t\n\n\t\t<\/div>\n\t\t\t\t\t<\/div>\n\n\t\n\n<\/div>\n\n<\/div><\/div><\/div>\n\n\t\t<\/div>\n\n\t\t\n<style>\n#section_1648019011 {\n  padding-top: 30px;\n  padding-bottom: 30px;\n  background-color: rgb(255, 255, 255);\n}\n<\/style>\n\t<\/section>\n\t\n\n","protected":false},"excerpt":{"rendered":"","protected":false},"author":1,"featured_media":0,"parent":0,"menu_order":0,"comment_status":"closed","ping_status":"closed","template":"page-blank.php","meta":{"footnotes":""},"class_list":["post-102","page","type-page","status-publish","hentry"],"_links":{"self":[{"href":"https:\/\/maenm.es\/index.php\/wp-json\/wp\/v2\/pages\/102","targetHints":{"allow":["GET"]}}],"collection":[{"href":"https:\/\/maenm.es\/index.php\/wp-json\/wp\/v2\/pages"}],"about":[{"href":"https:\/\/maenm.es\/index.php\/wp-json\/wp\/v2\/types\/page"}],"author":[{"embeddable":true,"href":"https:\/\/maenm.es\/index.php\/wp-json\/wp\/v2\/users\/1"}],"replies":[{"embeddable":true,"href":"https:\/\/maenm.es\/index.php\/wp-json\/wp\/v2\/comments?post=102"}],"version-history":[{"count":13,"href":"https:\/\/maenm.es\/index.php\/wp-json\/wp\/v2\/pages\/102\/revisions"}],"predecessor-version":[{"id":1254,"href":"https:\/\/maenm.es\/index.php\/wp-json\/wp\/v2\/pages\/102\/revisions\/1254"}],"wp:attachment":[{"href":"https:\/\/maenm.es\/index.php\/wp-json\/wp\/v2\/media?parent=102"}],"curies":[{"name":"wp","href":"https:\/\/api.w.org\/{rel}","templated":true}]}}